{"id":1170,"date":"2018-09-19T10:36:40","date_gmt":"2018-09-19T08:36:40","guid":{"rendered":"https:\/\/www.cours-info.ch\/wordpress\/?page_id=1170"},"modified":"2018-11-26T14:31:47","modified_gmt":"2018-11-26T13:31:47","slug":"libreoffice-writer","status":"publish","type":"page","link":"https:\/\/www.cours-info.ch\/wordpress\/index.php\/libreoffice-writer\/","title":{"rendered":"LibreOffice Writer"},"content":{"rendered":"<p><strong>G\u00e9n\u00e9ralit\u00e9s<br \/>\n<\/strong><ul class=\"display-posts-listing\"><li class=\"listing-item\"><a class=\"title\" href=\"https:\/\/www.cours-info.ch\/wordpress\/index.php\/2018\/09\/18\/ex-wr-sel-01-reorganiser-quelques-lignes-2\/\">Ex. Wr.SEL.01 \u2013 R\u00e9organiser quelques lignes<\/a><\/li><li class=\"listing-item\"><a class=\"title\" href=\"https:\/\/www.cours-info.ch\/wordpress\/index.php\/2018\/09\/18\/ex-wr-sel-02-reorganiser-des-paragraphes-2\/\">Ex. Wr.SEL.02 &#8211; R\u00e9organiser des paragraphes<\/a><\/li><\/ul><\/p>\n<p><strong>Mise en forme<\/strong><br \/>\n<ul class=\"display-posts-listing\"><li class=\"listing-item\"><a class=\"title\" href=\"https:\/\/www.cours-info.ch\/wordpress\/index.php\/2018\/09\/18\/ex-wr-mef-01-la-mise-en-forme-de-la-police-woop-woop\/\">Ex. Wr.MEF.01 &#8211; La mise en forme de la police (Woop ! Woop !)<\/a><\/li><li class=\"listing-item\"><a class=\"title\" href=\"https:\/\/www.cours-info.ch\/wordpress\/index.php\/2018\/09\/18\/ex-wr-mef-02-aligner-un-paragraphe\/\">Ex. Wr.MEF.02 &#8211; Aligner un paragraphe<\/a><\/li><li class=\"listing-item\"><a class=\"title\" href=\"https:\/\/www.cours-info.ch\/wordpress\/index.php\/2018\/09\/19\/ex-wr-mef-03-espacer-des-lignes-et-des-paragraphes\/\">Ex. Wr.MEF.03 &#8211; Espacer des lignes et des paragraphes<\/a><\/li><li class=\"listing-item\"><a class=\"title\" href=\"https:\/\/www.cours-info.ch\/wordpress\/index.php\/2018\/09\/19\/ex-wr-mef-04-retraits-de-paragraphes-2\/\">Ex. Wr.MEF.04 \u2013 Retraits de paragraphes<\/a><\/li><\/ul><\/p>\n<p><strong>Mise en page<\/strong><br \/>\n<ul class=\"display-posts-listing\"><li class=\"listing-item\"><a class=\"title\" href=\"https:\/\/www.cours-info.ch\/wordpress\/index.php\/2018\/09\/24\/ex-wr-mep-01-mise-en-page-bwatman\/\">Ex. Wr.MEP.01 \u2013 Mise en page (Bwatman)<\/a><\/li><li class=\"listing-item\"><a class=\"title\" href=\"https:\/\/www.cours-info.ch\/wordpress\/index.php\/2018\/09\/24\/ex-wr-mep-02-4-pages-2\/\">Ex. Wr.MEP.02 \u2013 4 pages ?!<\/a><\/li><li class=\"listing-item\"><a class=\"title\" href=\"https:\/\/www.cours-info.ch\/wordpress\/index.php\/2018\/09\/24\/ex-wr-mep-03-mise-en-page-dun-roman-2\/\">Ex. Wr.MEP.03 \u2013 Mise en page d&rsquo;un roman<\/a><\/li><\/ul><\/p>\n<p><strong>Images<\/strong><br \/>\n<ul class=\"display-posts-listing\"><li class=\"listing-item\"><a class=\"title\" href=\"https:\/\/www.cours-info.ch\/wordpress\/index.php\/2018\/09\/26\/ex-wr-ima-01-insertion-et-habillement-dimages-ada-lovelace-2\/\">Ex. Wr.IMA.01 \u2013 Insertion et habillement d&rsquo;images (Ada Lovelace)<\/a><\/li><li class=\"listing-item\"><a class=\"title\" href=\"https:\/\/www.cours-info.ch\/wordpress\/index.php\/2018\/10\/01\/ex-wr-ima-02-habillements-et-cadres-dimages-grace-hopper\/\">Ex. Wr.IMA.02 \u2013 Habillements et cadres d&rsquo;images (Grace Hopper)<\/a><\/li><li class=\"listing-item\"><a class=\"title\" href=\"https:\/\/www.cours-info.ch\/wordpress\/index.php\/2018\/10\/01\/ex-wr-ima-04-habillements-et-legendes-bora-bora\/\">Ex. Wr.IMA.04 \u2013 Habillements et l\u00e9gendes (Bora Bora)<\/a><\/li><\/ul><\/p>\n<p><strong>Tableaux<\/strong><br \/>\n<ul class=\"display-posts-listing\"><li class=\"listing-item\"><a class=\"title\" href=\"https:\/\/www.cours-info.ch\/wordpress\/index.php\/2018\/10\/29\/ex-wr-tabl-01-premier-tableau\/\">Ex. Wr.TABL.01 \u2013 Premier tableau<\/a><\/li><li class=\"listing-item\"><a class=\"title\" href=\"https:\/\/www.cours-info.ch\/wordpress\/index.php\/2018\/10\/29\/ex-wr-tabl-03-tri-et-styles-dans-un-tableau\/\">Ex. Wr.TABL.03 \u2013 Tri et styles dans un tableau<\/a><\/li><li class=\"listing-item\"><a class=\"title\" href=\"https:\/\/www.cours-info.ch\/wordpress\/index.php\/2018\/10\/29\/ex-wr-tabl-04-scinder-et-fusionner-les-vacances\/\">Ex. Wr.TABL.04 \u2013 Scinder et fusionner : les vacances !<\/a><\/li><\/ul><\/p>\n<p><strong>Longs documents<\/strong><br \/>\n<ul class=\"display-posts-listing\"><li class=\"listing-item\"><a class=\"title\" href=\"https:\/\/www.cours-info.ch\/wordpress\/index.php\/2018\/11\/19\/ex-wr-lod-01-appliquer-des-styles\/\">Ex. Wr.LOD.01 &#8211; Appliquer des styles<\/a><\/li><li class=\"listing-item\"><a class=\"title\" href=\"https:\/\/www.cours-info.ch\/wordpress\/index.php\/2018\/11\/19\/ex-wr-lod-02-votre-1ere-table-des-matieres\/\">Ex. Wr.LOD.02 &#8211; Votre 1\u00e8re table des mati\u00e8res<\/a><\/li><li class=\"listing-item\"><a class=\"title\" href=\"https:\/\/www.cours-info.ch\/wordpress\/index.php\/2018\/11\/19\/ex-wr-lod-03-modifier-des-styles\/\">Ex. Wr.LOD.03 &#8211; Modifier des styles<\/a><\/li><li class=\"listing-item\"><a class=\"title\" href=\"https:\/\/www.cours-info.ch\/wordpress\/index.php\/2018\/11\/26\/ex-wr-lod-04-en-tetes-et-pieds-de-pages\/\">Ex. Wr.LOD.04 &#8211; En-t\u00eates et pieds de pages<\/a><\/li><li class=\"listing-item\"><a class=\"title\" href=\"https:\/\/www.cours-info.ch\/wordpress\/index.php\/2018\/11\/26\/ex-wr-lod-05-des-pages-differentes\/\">Ex. Wr.LOD.05 &#8211; Des pages diff\u00e9rentes<\/a><\/li><li class=\"listing-item\"><a class=\"title\" href=\"https:\/\/www.cours-info.ch\/wordpress\/index.php\/2018\/12\/04\/ex-wr-lod-06-en-tetes-et-pieds-de-pages-alternes\/\">Ex. Wr.LOD.06 \u2013 En-t\u00eates et pieds de pages altern\u00e9s<\/a><\/li><li class=\"listing-item\"><a class=\"title\" href=\"https:\/\/www.cours-info.ch\/wordpress\/index.php\/2018\/12\/10\/ex-wr-lod-07-legendes-notes-de-bas-de-page-pied-de-page\/\">Ex. Wr.LOD.07 &#8211; L\u00e9gendes, notes de bas de page, pied de page<\/a><\/li><li class=\"listing-item\"><a class=\"title\" href=\"https:\/\/www.cours-info.ch\/wordpress\/index.php\/2018\/12\/10\/ex-wr-lod-08-synthese-achatina-fulica\/\">Ex. Wr.LOD.08 \u2013 Synth\u00e8se : Achatina Fulica<\/a><\/li><\/ul><\/p>\n","protected":false},"excerpt":{"rendered":"<p>G\u00e9n\u00e9ralit\u00e9s <a href=\"https:\/\/www.cours-info.ch\/wordpress\/index.php\/2018\/12\/10\/ex-wr-lod-08-synthese-achatina-fulica\/\" class=\"read-more\">Cliquez pour voir la suite<\/a><\/p>\n","protected":false},"author":2,"featured_media":0,"parent":0,"menu_order":0,"comment_status":"closed","ping_status":"closed","template":"","meta":{"footnotes":""},"class_list":["post-1170","page","type-page","status-publish","hentry"],"_links":{"self":[{"href":"https:\/\/www.cours-info.ch\/wordpress\/index.php\/wp-json\/wp\/v2\/pages\/1170","targetHints":{"allow":["GET"]}}],"collection":[{"href":"https:\/\/www.cours-info.ch\/wordpress\/index.php\/wp-json\/wp\/v2\/pages"}],"about":[{"href":"https:\/\/www.cours-info.ch\/wordpress\/index.php\/wp-json\/wp\/v2\/types\/page"}],"author":[{"embeddable":true,"href":"https:\/\/www.cours-info.ch\/wordpress\/index.php\/wp-json\/wp\/v2\/users\/2"}],"replies":[{"embeddable":true,"href":"https:\/\/www.cours-info.ch\/wordpress\/index.php\/wp-json\/wp\/v2\/comments?post=1170"}],"version-history":[{"count":4,"href":"https:\/\/www.cours-info.ch\/wordpress\/index.php\/wp-json\/wp\/v2\/pages\/1170\/revisions"}],"predecessor-version":[{"id":1303,"href":"https:\/\/www.cours-info.ch\/wordpress\/index.php\/wp-json\/wp\/v2\/pages\/1170\/revisions\/1303"}],"wp:attachment":[{"href":"https:\/\/www.cours-info.ch\/wordpress\/index.php\/wp-json\/wp\/v2\/media?parent=1170"}],"curies":[{"name":"wp","href":"https:\/\/api.w.org\/{rel}","templated":true}]}}