{"id":1338,"date":"2019-01-28T14:46:49","date_gmt":"2019-01-28T13:46:49","guid":{"rendered":"https:\/\/www.cours-info.ch\/wordpress\/?page_id=1338"},"modified":"2019-03-12T10:12:39","modified_gmt":"2019-03-12T09:12:39","slug":"libreoffice-calc","status":"publish","type":"page","link":"https:\/\/www.cours-info.ch\/wordpress\/index.php\/libreoffice-calc\/","title":{"rendered":"LibreOffice Calc"},"content":{"rendered":"\n<p><strong>Mise en forme<\/strong><br><ul class=\"display-posts-listing\"><li class=\"listing-item\"><a class=\"title\" href=\"https:\/\/www.cours-info.ch\/wordpress\/index.php\/2019\/01\/21\/ex-ca-mef-01-mise-en-forme-lechiquier\/\">Ex. Ca.MEF.01 &#8211; Mise en forme : l&rsquo;\u00e9chiquier<\/a><\/li><li class=\"listing-item\"><a class=\"title\" href=\"https:\/\/www.cours-info.ch\/wordpress\/index.php\/2019\/01\/21\/ex-ca-mef-02-mise-en-forme-le-champi-mario\/\">Ex. Ca.MEF.02 &#8211; Mise en forme : le champi Mario<\/a><\/li><li class=\"listing-item\"><a class=\"title\" href=\"https:\/\/www.cours-info.ch\/wordpress\/index.php\/2019\/01\/21\/ex-ca-mef-03-lalignement-dans-une-cellule\/\">Ex. Ca.MEF.03 &#8211; L&rsquo;alignement dans une cellule<\/a><\/li><li class=\"listing-item\"><a class=\"title\" href=\"https:\/\/www.cours-info.ch\/wordpress\/index.php\/2019\/01\/21\/ex-ca-mef-04-les-formats-de-nombres\/\">Ex. Ca.MEF.04 &#8211; Les formats de nombres<\/a><\/li><\/ul><\/p>\n\n\n\n<p><strong>Entrer des donn\u00e9es<\/strong><br><ul class=\"display-posts-listing\"><li class=\"listing-item\"><a class=\"title\" href=\"https:\/\/www.cours-info.ch\/wordpress\/index.php\/2019\/01\/21\/ex-ca-dat-01-creation-de-tableau-incrementation\/\">Ex. Ca.DAT.01 &#8211; Cr\u00e9ation de tableau, incr\u00e9mentation<\/a><\/li><li class=\"listing-item\"><a class=\"title\" href=\"https:\/\/www.cours-info.ch\/wordpress\/index.php\/2019\/01\/28\/ex-ca-dat-02-votre-horaire-de-la-semaine\/\">Ex. Ca.DAT.02 &#8211; Votre horaire de la semaine<\/a><\/li><\/ul><\/p>\n\n\n\n<p><strong>Formules et fonctions<\/strong><br><ul class=\"display-posts-listing\"><li class=\"listing-item\"><a class=\"title\" href=\"https:\/\/www.cours-info.ch\/wordpress\/index.php\/2019\/01\/28\/ex-ca-for-01-premieres-formules-operateurs-arithmetiques\/\">Ex. Ca.FOR.01 &#8211; Premi\u00e8res formules (op\u00e9rateurs arithm\u00e9tiques)<\/a><\/li><li class=\"listing-item\"><a class=\"title\" href=\"https:\/\/www.cours-info.ch\/wordpress\/index.php\/2019\/01\/28\/ex-ca-for-02-les-fonctions-de-base\/\">Ex. Ca.FOR.02 &#8211; Les fonctions de base<\/a><\/li><li class=\"listing-item\"><a class=\"title\" href=\"https:\/\/www.cours-info.ch\/wordpress\/index.php\/2019\/02\/09\/ex-ca-for-03-fonctions-a-0-et-1-argument\/\">Ex. Ca.FOR.03 &#8211; Fonctions \u00e0 0 et 1 argument<\/a><\/li><li class=\"listing-item\"><a class=\"title\" href=\"https:\/\/www.cours-info.ch\/wordpress\/index.php\/2019\/02\/09\/ex-ca-for-04-une-fonction-sur-une-plage\/\">Ex. Ca.FOR.04 &#8211; Une fonction sur une plage<\/a><\/li><li class=\"listing-item\"><a class=\"title\" href=\"https:\/\/www.cours-info.ch\/wordpress\/index.php\/2019\/02\/09\/ex-ca-for-05-tableau-de-vos-moyennes-au-gymnase\/\">Ex. Ca.FOR.05 \u2013 Tableau de vos moyennes au gymnase<\/a><\/li><li class=\"listing-item\"><a class=\"title\" href=\"https:\/\/www.cours-info.ch\/wordpress\/index.php\/2019\/02\/09\/ex-ca-for-06-reference-absolue-tva\/\">Ex. Ca.FOR.06 \u2013 R\u00e9f\u00e9rence absolue (TVA)<\/a><\/li><li class=\"listing-item\"><a class=\"title\" href=\"https:\/\/www.cours-info.ch\/wordpress\/index.php\/2019\/02\/20\/ex-ca-for-07-reference-absolue-taux-de-change\/\">Ex. Ca.FOR.07 \u2013 R\u00e9f\u00e9rence absolue (taux de change)<\/a><\/li><li class=\"listing-item\"><a class=\"title\" href=\"https:\/\/www.cours-info.ch\/wordpress\/index.php\/2019\/02\/20\/ex-ca-for-08-references-absolues-croisees-table-de-multiplication\/\">Ex. Ca.FOR.08 \u2013 R\u00e9f\u00e9rences absolues crois\u00e9es (table de multiplication)<\/a><\/li><li class=\"listing-item\"><a class=\"title\" href=\"https:\/\/www.cours-info.ch\/wordpress\/index.php\/2019\/02\/20\/ex-ca-for-09-reference-absolue-application\/\">Ex. Ca.FOR.09 \u2013 R\u00e9f\u00e9rence absolue, application<\/a><\/li><\/ul><\/p>\n\n\n\n<p><strong>Fonctions logiques<\/strong><br><ul class=\"display-posts-listing\"><li class=\"listing-item\"><a class=\"title\" href=\"https:\/\/www.cours-info.ch\/wordpress\/index.php\/2019\/03\/06\/ex-ca-fol-01-le-club-du-3e-age\/\">Ex. Ca.FOL.01 \u2013 Le club du 3e \u00e2ge<\/a><\/li><li class=\"listing-item\"><a class=\"title\" href=\"https:\/\/www.cours-info.ch\/wordpress\/index.php\/2019\/03\/06\/ex-ca-fol-02-compter-des-cellules\/\">Ex. Ca.FOL.02 \u2013 Compter des cellules<\/a><\/li><li class=\"listing-item\"><a class=\"title\" href=\"https:\/\/www.cours-info.ch\/wordpress\/index.php\/2019\/03\/06\/ex-ca-fol-03-classement-dequipes\/\">Ex. Ca.FOL.03 \u2013 Classement d&rsquo;\u00e9quipes<\/a><\/li><li class=\"listing-item\"><a class=\"title\" href=\"https:\/\/www.cours-info.ch\/wordpress\/index.php\/2019\/03\/12\/ex-ca-fol-04-imbrication-de-si\/\">Ex. Ca.FOL.04 \u2013 Imbrication de SI<\/a><\/li><\/ul><\/p>\n\n\n\n<p><strong>Mise en page<\/strong><br><ul class=\"display-posts-listing\"><li class=\"listing-item\"><a class=\"title\" href=\"https:\/\/www.cours-info.ch\/wordpress\/index.php\/2019\/03\/12\/ex-ca-mep-01-mise-en-page-et-impression\/\">Ex. Ca.MEP.01 \u2013 Mise en page et impression<\/a><\/li><li class=\"listing-item\"><a class=\"title\" href=\"https:\/\/www.cours-info.ch\/wordpress\/index.php\/2019\/03\/12\/ex-ca-mep-02-toujours-de-limpression-votre-horaire\/\">Ex. Ca.MEP.02 \u2013 Toujours de l&rsquo;impression ! (votre horaire)<\/a><\/li><\/ul><\/p>\n\n\n\n<p><strong>Filtrer et trier des donn\u00e9es<\/strong><br><ul class=\"display-posts-listing\"><li class=\"listing-item\"><a class=\"title\" href=\"https:\/\/www.cours-info.ch\/wordpress\/index.php\/2019\/03\/12\/ex-ca-tri-01-6-semaines-de-vacances-par-annee\/\">Ex. Ca.TRI.01 \u2013 6 semaines de vacances par ann\u00e9e<\/a><\/li><\/ul><\/p>\n\n\n\n<p><strong>Diagrammes\u00a0(graphiques)<\/strong><br><ul class=\"display-posts-listing\"><li class=\"listing-item\"><a class=\"title\" href=\"https:\/\/www.cours-info.ch\/wordpress\/index.php\/2019\/03\/12\/ex-ca-dia-01-1er-diagramme\/\">Ex. Ca.DIA.01 \u2013 1er diagramme<\/a><\/li><li class=\"listing-item\"><a class=\"title\" href=\"https:\/\/www.cours-info.ch\/wordpress\/index.php\/2019\/03\/26\/ex-ca-dia-02-choix-dun-type-de-diagramme\/\">Ex. Ca.DIA.02 &#8211; Choix d&rsquo;un type de diagramme<\/a><\/li><li class=\"listing-item\"><a class=\"title\" href=\"https:\/\/www.cours-info.ch\/wordpress\/index.php\/2019\/03\/26\/ex-ca-dia-03-plus-de-diagrammes\/\">Ex. Ca.DIA.03 &#8211; Plus de diagrammes !<\/a><\/li><\/ul><\/p>\n","protected":false},"excerpt":{"rendered":"<p>Mise <a href=\"https:\/\/www.cours-info.ch\/wordpress\/index.php\/2019\/03\/26\/ex-ca-dia-03-plus-de-diagrammes\/\" class=\"read-more\">Cliquez pour voir la suite<\/a><\/p>\n","protected":false},"author":2,"featured_media":0,"parent":0,"menu_order":0,"comment_status":"closed","ping_status":"closed","template":"","meta":{"footnotes":""},"class_list":["post-1338","page","type-page","status-publish","hentry"],"_links":{"self":[{"href":"https:\/\/www.cours-info.ch\/wordpress\/index.php\/wp-json\/wp\/v2\/pages\/1338","targetHints":{"allow":["GET"]}}],"collection":[{"href":"https:\/\/www.cours-info.ch\/wordpress\/index.php\/wp-json\/wp\/v2\/pages"}],"about":[{"href":"https:\/\/www.cours-info.ch\/wordpress\/index.php\/wp-json\/wp\/v2\/types\/page"}],"author":[{"embeddable":true,"href":"https:\/\/www.cours-info.ch\/wordpress\/index.php\/wp-json\/wp\/v2\/users\/2"}],"replies":[{"embeddable":true,"href":"https:\/\/www.cours-info.ch\/wordpress\/index.php\/wp-json\/wp\/v2\/comments?post=1338"}],"version-history":[{"count":2,"href":"https:\/\/www.cours-info.ch\/wordpress\/index.php\/wp-json\/wp\/v2\/pages\/1338\/revisions"}],"predecessor-version":[{"id":1443,"href":"https:\/\/www.cours-info.ch\/wordpress\/index.php\/wp-json\/wp\/v2\/pages\/1338\/revisions\/1443"}],"wp:attachment":[{"href":"https:\/\/www.cours-info.ch\/wordpress\/index.php\/wp-json\/wp\/v2\/media?parent=1338"}],"curies":[{"name":"wp","href":"https:\/\/api.w.org\/{rel}","templated":true}]}}