{"id":2,"date":"2016-08-23T15:44:26","date_gmt":"2016-08-23T13:44:26","guid":{"rendered":"http:\/\/www.jterraz.net\/wordpress\/?page_id=2"},"modified":"2016-11-22T09:22:14","modified_gmt":"2016-11-22T08:22:14","slug":"2c","status":"publish","type":"page","link":"https:\/\/www.cours-info.ch\/wordpress\/index.php\/2c\/","title":{"rendered":"Classes de 2C"},"content":{"rendered":"<p>Cette page rassemble les exercices et les tutos qui recouvrent le programme de 2e ann\u00e9e de l&rsquo;Ecole de culture g\u00e9n\u00e9rale. En principe les tutos utiles sont propos\u00e9s sous forme de lien dans chaque exercice.<\/p>\n<p>Au\u00a0programme\u00a0de 2e ann\u00e9e pour l&rsquo;Ecole de Culture G\u00e9n\u00e9rale (<a href=\"http:\/\/www.vd.ch\/themes\/formation\/gymnase\/ecole-de-culture-generale\/\" target=\"_blank\">selon le plan d&rsquo;\u00e9tudes disponible ici<\/a>), connaissances de base du traitement de texte, en particulier :<\/p>\n<ul>\n<li>Frappe au kilom\u00e8tre<\/li>\n<li>S\u00e9lections<\/li>\n<li>Copier, couper, coller, glisser-d\u00e9placer<\/li>\n<li>Marges, alignements, interlignes, mise en forme des caract\u00e8res, retraits, \u00e9num\u00e9ration automatique<\/li>\n<li>En-t\u00eate, pied de page<\/li>\n<li>V\u00e9rification orthographique, s\u00e9paration de mots<\/li>\n<li>Tabulateurs, mise en page de lettres simples<\/li>\n<li>Insertion de donn\u00e9es<\/li>\n<li>Multicolonnage, saut de colonne<\/li>\n<li>Tableaux<\/li>\n<\/ul>\n<hr \/>\n<h3>Dactylographie<\/h3>\n<hr \/>\n<p>Pour vous entra\u00eener \u00e0 la frappe au clavier, le gymnase de Beaulieu vous met \u00e0 disposition des acc\u00e8s au site en ligne Tap Touche, sur lequel vous pouvez <a href=\"https:\/\/vaudgymb.taptouche.com\/\" target=\"_blank\">vous rendre en cliquant ici<\/a> (\u00e9videmment r\u00e9serv\u00e9 aux \u00e9l\u00e8ves du gymnase). Vous utilisez les m\u00eames identifiants que ceux re\u00e7us en d\u00e9but d&rsquo;ann\u00e9e.<\/p>\n<hr \/>\n<h3>Word<\/h3>\n<hr \/>\n<p><strong>G\u00e9n\u00e9ralit\u00e9s<\/strong><br \/>\n<ul class=\"display-posts-listing\"><li class=\"listing-item\"><a class=\"title\" href=\"https:\/\/www.cours-info.ch\/wordpress\/index.php\/2016\/08\/29\/ex-w-sel-01-reorganiser-quelques-lignes\/\">Ex. W.SEL.01 \u2013 R\u00e9organiser quelques lignes<\/a><\/li><li class=\"listing-item\"><a class=\"title\" href=\"https:\/\/www.cours-info.ch\/wordpress\/index.php\/2016\/08\/29\/ex-w-sel-02-reorganiser-des-paragraphes\/\">Ex. W.SEL.02 &#8211; R\u00e9organiser des paragraphes<\/a><\/li><li class=\"listing-item\"><a class=\"title\" href=\"https:\/\/www.cours-info.ch\/wordpress\/index.php\/2016\/08\/01\/presentation-la-fenetre-de-word\/\">Pr\u00e9sentation &#8211; La fen\u00eatre de Word<\/a><\/li><\/ul><\/p>\n<p><strong>Mise en forme<\/strong><br \/>\n<ul class=\"display-posts-listing\"><li class=\"listing-item\"><a class=\"title\" href=\"https:\/\/www.cours-info.ch\/wordpress\/index.php\/2016\/08\/29\/ex-wmef01-la-mise-en-forme-de-la-police-woop-woop\/\">Ex. W.MEF.01 &#8211; La mise en forme de la police (Woop ! Woop !)<\/a><\/li><li class=\"listing-item\"><a class=\"title\" href=\"https:\/\/www.cours-info.ch\/wordpress\/index.php\/2016\/08\/29\/ex-wmef02-aligner-un-paragraphe\/\">Ex. W.MEF.02 &#8211; Aligner un paragraphe<\/a><\/li><li class=\"listing-item\"><a class=\"title\" href=\"https:\/\/www.cours-info.ch\/wordpress\/index.php\/2016\/08\/29\/ex-wmef03-espacer-des-lignes-et-des-paragraphes\/\">Ex. W.MEF.03 &#8211; Espacer des lignes et des paragraphes<\/a><\/li><li class=\"listing-item\"><a class=\"title\" href=\"https:\/\/www.cours-info.ch\/wordpress\/index.php\/2016\/08\/29\/ex-w-mef-04-retraits-de-paragraphes\/\">Ex. W.MEF.04 \u2013 Retraits de paragraphes<\/a><\/li><li class=\"listing-item\"><a class=\"title\" href=\"https:\/\/www.cours-info.ch\/wordpress\/index.php\/2016\/08\/29\/ex-w-mef-05-colonnes-de-type-journal\/\">Ex. W.MEF.05 \u2013 Colonnes de type journal<\/a><\/li><li class=\"listing-item\"><a class=\"title\" href=\"https:\/\/www.cours-info.ch\/wordpress\/index.php\/2016\/08\/01\/tuto-colonnes-journalistiques\/\">Tuto &#8211; Colonnes journalistiques<\/a><\/li><li class=\"listing-item\"><a class=\"title\" href=\"https:\/\/www.cours-info.ch\/wordpress\/index.php\/2016\/08\/01\/tuto-mise-en-forme-de-la-police\/\">Tuto &#8211; Mise en forme de la police<\/a><\/li><li class=\"listing-item\"><a class=\"title\" href=\"https:\/\/www.cours-info.ch\/wordpress\/index.php\/2016\/08\/01\/tuto-mise-en-forme-de-paragraphe\/\">Tuto \u2013 Mise en forme de paragraphe<\/a><\/li><\/ul><\/p>\n<p><strong>Mise en page<\/strong><br \/>\n<ul class=\"display-posts-listing\"><li class=\"listing-item\"><a class=\"title\" href=\"https:\/\/www.cours-info.ch\/wordpress\/index.php\/2016\/08\/29\/ex-wmep01-mise-en-page-bwatman\/\">Ex. W.MEP.01 \u2013 Mise en page (Bwatman)<\/a><\/li><li class=\"listing-item\"><a class=\"title\" href=\"https:\/\/www.cours-info.ch\/wordpress\/index.php\/2016\/08\/29\/ex-w-mep-02-4-pages\/\">Ex. W.MEP.02 \u2013 4 pages ?!<\/a><\/li><li class=\"listing-item\"><a class=\"title\" href=\"https:\/\/www.cours-info.ch\/wordpress\/index.php\/2016\/08\/29\/ex-w-mep-03-mise-en-page-dun-roman\/\">Ex. W.MEP.03 \u2013 Mise en page d&rsquo;un roman<\/a><\/li><li class=\"listing-item\"><a class=\"title\" href=\"https:\/\/www.cours-info.ch\/wordpress\/index.php\/2016\/10\/04\/ex-w-mep-04-mise-en-page-dune-lettre\/\">Ex. Wo.MEP.04 \u2013 Mise en page d&rsquo;une lettre<\/a><\/li><li class=\"listing-item\"><a class=\"title\" href=\"https:\/\/www.cours-info.ch\/wordpress\/index.php\/2016\/09\/01\/tuto-apercu-avant-impression\/\">Tuto &#8211; Aper\u00e7u avant impression<\/a><\/li><li class=\"listing-item\"><a class=\"title\" href=\"https:\/\/www.cours-info.ch\/wordpress\/index.php\/2016\/09\/01\/tuto-enregistrer-en-pdf\/\">Tuto &#8211; Enregistrer en PDF<\/a><\/li><li class=\"listing-item\"><a class=\"title\" href=\"https:\/\/www.cours-info.ch\/wordpress\/index.php\/2016\/09\/01\/tuto-impression-rapide\/\">Tuto &#8211; Impression rapide<\/a><\/li><li class=\"listing-item\"><a class=\"title\" href=\"https:\/\/www.cours-info.ch\/wordpress\/index.php\/2016\/08\/01\/tuto-modifier-lorientation-de-la-page\/\">Tuto \u2013 Modifier l&rsquo;orientation de la page<\/a><\/li><li class=\"listing-item\"><a class=\"title\" href=\"https:\/\/www.cours-info.ch\/wordpress\/index.php\/2016\/08\/01\/tuto-modifier-les-marges-dun-document\/\">Tuto \u2013 Modifier les marges d&rsquo;un document<\/a><\/li><\/ul><\/p>\n<p><strong>Tabulations<\/strong><br \/>\n<ul class=\"display-posts-listing\"><li class=\"listing-item\"><a class=\"title\" href=\"https:\/\/www.cours-info.ch\/wordpress\/index.php\/2016\/09\/01\/ex-w-tabu-01-premieres-tabulations\/\">Ex. W.TABU.01 \u2013 Premi\u00e8res tabulations<\/a><\/li><li class=\"listing-item\"><a class=\"title\" href=\"https:\/\/www.cours-info.ch\/wordpress\/index.php\/2016\/09\/01\/ex-w-tabu-02-mise-en-forme-et-tabulations-un-formulaire\/\">Ex. W.TABU.02 \u2013 Mise en forme et tabulations : un formulaire<\/a><\/li><li class=\"listing-item\"><a class=\"title\" href=\"https:\/\/www.cours-info.ch\/wordpress\/index.php\/2016\/09\/01\/ex-w-tabu-03-des-tabulations-sans-les-positions\/\">Ex. W.TABU.03 \u2013 Des tabulations sans les positions !<\/a><\/li><\/ul><\/p>\n<p><strong>Tableaux<\/strong><br \/>\n<ul class=\"display-posts-listing\"><li class=\"listing-item\"><a class=\"title\" href=\"https:\/\/www.cours-info.ch\/wordpress\/index.php\/2016\/09\/01\/ex-w-tabl-01-premier-tableau\/\">Ex. Wo.TABL.01 \u2013 Premier tableau<\/a><\/li><li class=\"listing-item\"><a class=\"title\" href=\"https:\/\/www.cours-info.ch\/wordpress\/index.php\/2016\/09\/01\/ex-w-tabl-02-orientation-du-texte-scooter-a-vendre\/\">Ex. Wo.TABL.02 \u2013 Orientation du texte : scooter \u00e0 vendre<\/a><\/li><li class=\"listing-item\"><a class=\"title\" href=\"https:\/\/www.cours-info.ch\/wordpress\/index.php\/2016\/09\/01\/ex-w-tabl-03-tri-et-styles-dans-un-tableau\/\">Ex. Wo.TABL.03 \u2013 Tri et styles dans un tableau<\/a><\/li><li class=\"listing-item\"><a class=\"title\" href=\"https:\/\/www.cours-info.ch\/wordpress\/index.php\/2016\/09\/01\/ex-w-tabl-04-fraction-et-fusion-les-vacances\/\">Ex. Wo.TABL.04 \u2013 Fraction et fusion : les vacances !<\/a><\/li><li class=\"listing-item\"><a class=\"title\" href=\"https:\/\/www.cours-info.ch\/wordpress\/index.php\/2016\/09\/01\/ex-w-tabl-05-convertir-du-texte-en-tableau\/\">Ex. Wo.TABL.05 \u2013 Convertir du texte en tableau<\/a><\/li><li class=\"listing-item\"><a class=\"title\" href=\"https:\/\/www.cours-info.ch\/wordpress\/index.php\/2016\/09\/01\/ex-wo-tabl-05-conversion-de-texte-en-tableau\/\">Ex. Wo.TABL.06 \u2013 Conversion de texte en tableau<\/a><\/li><\/ul><\/p>\n<p><strong>Lettre<\/strong><br \/>\n<ul class=\"display-posts-listing\"><li class=\"listing-item\"><a class=\"title\" href=\"https:\/\/www.cours-info.ch\/wordpress\/index.php\/2016\/11\/22\/ex-w-lett-01-meme-est-fachee\/\">Ex. Wo.LETT.01 \u2013 M\u00e9m\u00e9 est f\u00e2ch\u00e9e<\/a><\/li><li class=\"listing-item\"><a class=\"title\" href=\"https:\/\/www.cours-info.ch\/wordpress\/index.php\/2016\/11\/28\/ex-w-lett-02-lagence-tous-risques\/\">Ex. Wo.LETT.02 \u2013 L&rsquo;agence tous risques<\/a><\/li><li class=\"listing-item\"><a class=\"title\" href=\"https:\/\/www.cours-info.ch\/wordpress\/index.php\/2016\/12\/06\/ex-w-lett-03-resilier-un-abonnement\/\">Ex. Wo.LETT.03 \u2013 R\u00e9silier un abonnement<\/a><\/li><li class=\"listing-item\"><a class=\"title\" href=\"https:\/\/www.cours-info.ch\/wordpress\/index.php\/2016\/12\/06\/ex-w-lett-04-une-facture-est-une-lettre\/\">Ex. Wo.LETT.04 \u2013 Une facture est une lettre<\/a><\/li><li class=\"listing-item\"><a class=\"title\" href=\"https:\/\/www.cours-info.ch\/wordpress\/index.php\/2016\/12\/06\/ex-w-lett-05-une-facture-avec-bvr\/\">Ex. Wo.LETT.05 \u2013 Une facture avec BVR<\/a><\/li><li class=\"listing-item\"><a class=\"title\" href=\"https:\/\/www.cours-info.ch\/wordpress\/index.php\/2017\/05\/15\/ex-w-lett-06-lettre-synthese\/\">Ex. Wo.LETT.06 \u2013 Lettre synth\u00e8se<\/a><\/li><li class=\"listing-item\"><a class=\"title\" href=\"https:\/\/www.cours-info.ch\/wordpress\/index.php\/2016\/11\/22\/tuto-resume-des-regles-de-la-lettre\/\">Tuto &#8211; r\u00e9sum\u00e9 des r\u00e8gles de la lettre<\/a><\/li><li class=\"listing-item\"><a class=\"title\" href=\"https:\/\/www.cours-info.ch\/wordpress\/index.php\/2016\/10\/04\/tuto-schema-des-positions-dune-lettre\/\">Tuto &#8211; Sch\u00e9ma des positions d&rsquo;une lettre<\/a><\/li><\/ul><\/p>\n","protected":false},"excerpt":{"rendered":"<p>Cette <a href=\"https:\/\/www.cours-info.ch\/wordpress\/index.php\/2016\/10\/04\/tuto-schema-des-positions-dune-lettre\/\" class=\"read-more\">Cliquez pour voir la suite<\/a><\/p>\n","protected":false},"author":1,"featured_media":0,"parent":0,"menu_order":0,"comment_status":"closed","ping_status":"closed","template":"","meta":{"footnotes":""},"class_list":["post-2","page","type-page","status-publish","hentry"],"_links":{"self":[{"href":"https:\/\/www.cours-info.ch\/wordpress\/index.php\/wp-json\/wp\/v2\/pages\/2","targetHints":{"allow":["GET"]}}],"collection":[{"href":"https:\/\/www.cours-info.ch\/wordpress\/index.php\/wp-json\/wp\/v2\/pages"}],"about":[{"href":"https:\/\/www.cours-info.ch\/wordpress\/index.php\/wp-json\/wp\/v2\/types\/page"}],"author":[{"embeddable":true,"href":"https:\/\/www.cours-info.ch\/wordpress\/index.php\/wp-json\/wp\/v2\/users\/1"}],"replies":[{"embeddable":true,"href":"https:\/\/www.cours-info.ch\/wordpress\/index.php\/wp-json\/wp\/v2\/comments?post=2"}],"version-history":[{"count":13,"href":"https:\/\/www.cours-info.ch\/wordpress\/index.php\/wp-json\/wp\/v2\/pages\/2\/revisions"}],"predecessor-version":[{"id":574,"href":"https:\/\/www.cours-info.ch\/wordpress\/index.php\/wp-json\/wp\/v2\/pages\/2\/revisions\/574"}],"wp:attachment":[{"href":"https:\/\/www.cours-info.ch\/wordpress\/index.php\/wp-json\/wp\/v2\/media?parent=2"}],"curies":[{"name":"wp","href":"https:\/\/api.w.org\/{rel}","templated":true}]}}