{"id":22,"date":"2016-08-29T12:11:16","date_gmt":"2016-08-29T10:11:16","guid":{"rendered":"http:\/\/www.jterraz.net\/wordpress\/?page_id=22"},"modified":"2019-03-12T10:12:41","modified_gmt":"2019-03-12T09:12:41","slug":"1m","status":"publish","type":"page","link":"https:\/\/www.cours-info.ch\/wordpress\/index.php\/1m\/","title":{"rendered":"Classes de 1M"},"content":{"rendered":"Cette page rassemble les exercices et les tutos qui recouvrent le programme de 1\u00e8re ann\u00e9e de Maturit\u00e9. En principe les tutos utiles sont propos\u00e9s sous forme de lien dans chaque exercice.\n\n<hr \/>\n\n<h3>Dactylographie<\/h3>\n\n<hr \/>\n\nPour vous entra\u00eener \u00e0 la frappe au clavier, le gymnase de Beaulieu vous met \u00e0 disposition des acc\u00e8s au site en ligne Tap Touche, sur lequel vous pouvez <a href=\"https:\/\/vaudgymb.taptouche.com\/\" target=\"_blank\" rel=\"noopener\">vous rendre en cliquant ici<\/a> (\u00e9videmment r\u00e9serv\u00e9 aux \u00e9l\u00e8ves du gymnase). Vous utilisez les m\u00eames identifiants que ceux re\u00e7us en d\u00e9but d&rsquo;ann\u00e9e.\n\n<hr \/>\n\n<h3>Dossiers de base<\/h3>\n\n<hr \/>\n\n<ul class=\"display-posts-listing\"><li class=\"listing-item\"><a class=\"title\" href=\"https:\/\/www.cours-info.ch\/wordpress\/index.php\/2016\/08\/27\/ex-dossiers-de-base\/\">Ex. Dossiers de base<\/a><\/li><\/ul>\n\n<hr \/>\n\n<h3>Writer<\/h3>\n\n<hr \/>\n\n<strong>G\u00e9n\u00e9ralit\u00e9s\n<\/strong><ul class=\"display-posts-listing\"><li class=\"listing-item\"><a class=\"title\" href=\"https:\/\/www.cours-info.ch\/wordpress\/index.php\/2018\/09\/18\/ex-wr-sel-01-reorganiser-quelques-lignes-2\/\">Ex. Wr.SEL.01 \u2013 R\u00e9organiser quelques lignes<\/a><\/li><li class=\"listing-item\"><a class=\"title\" href=\"https:\/\/www.cours-info.ch\/wordpress\/index.php\/2018\/09\/18\/ex-wr-sel-02-reorganiser-des-paragraphes-2\/\">Ex. Wr.SEL.02 &#8211; R\u00e9organiser des paragraphes<\/a><\/li><\/ul>\n\n<strong>Mise en forme<\/strong>\n<ul class=\"display-posts-listing\"><li class=\"listing-item\"><a class=\"title\" href=\"https:\/\/www.cours-info.ch\/wordpress\/index.php\/2018\/09\/18\/ex-wr-mef-01-la-mise-en-forme-de-la-police-woop-woop\/\">Ex. Wr.MEF.01 &#8211; La mise en forme de la police (Woop ! Woop !)<\/a><\/li><li class=\"listing-item\"><a class=\"title\" href=\"https:\/\/www.cours-info.ch\/wordpress\/index.php\/2018\/09\/18\/ex-wr-mef-02-aligner-un-paragraphe\/\">Ex. Wr.MEF.02 &#8211; Aligner un paragraphe<\/a><\/li><li class=\"listing-item\"><a class=\"title\" href=\"https:\/\/www.cours-info.ch\/wordpress\/index.php\/2018\/09\/19\/ex-wr-mef-03-espacer-des-lignes-et-des-paragraphes\/\">Ex. Wr.MEF.03 &#8211; Espacer des lignes et des paragraphes<\/a><\/li><li class=\"listing-item\"><a class=\"title\" href=\"https:\/\/www.cours-info.ch\/wordpress\/index.php\/2018\/09\/19\/ex-wr-mef-04-retraits-de-paragraphes-2\/\">Ex. Wr.MEF.04 \u2013 Retraits de paragraphes<\/a><\/li><\/ul>\n\n<strong>Mise en page<\/strong>\n<ul class=\"display-posts-listing\"><li class=\"listing-item\"><a class=\"title\" href=\"https:\/\/www.cours-info.ch\/wordpress\/index.php\/2018\/09\/24\/ex-wr-mep-01-mise-en-page-bwatman\/\">Ex. Wr.MEP.01 \u2013 Mise en page (Bwatman)<\/a><\/li><li class=\"listing-item\"><a class=\"title\" href=\"https:\/\/www.cours-info.ch\/wordpress\/index.php\/2018\/09\/24\/ex-wr-mep-02-4-pages-2\/\">Ex. Wr.MEP.02 \u2013 4 pages ?!<\/a><\/li><li class=\"listing-item\"><a class=\"title\" href=\"https:\/\/www.cours-info.ch\/wordpress\/index.php\/2018\/09\/24\/ex-wr-mep-03-mise-en-page-dun-roman-2\/\">Ex. Wr.MEP.03 \u2013 Mise en page d&rsquo;un roman<\/a><\/li><\/ul>\n\n<strong>Images<\/strong>\n<ul class=\"display-posts-listing\"><li class=\"listing-item\"><a class=\"title\" href=\"https:\/\/www.cours-info.ch\/wordpress\/index.php\/2018\/09\/26\/ex-wr-ima-01-insertion-et-habillement-dimages-ada-lovelace-2\/\">Ex. Wr.IMA.01 \u2013 Insertion et habillement d&rsquo;images (Ada Lovelace)<\/a><\/li><li class=\"listing-item\"><a class=\"title\" href=\"https:\/\/www.cours-info.ch\/wordpress\/index.php\/2018\/10\/01\/ex-wr-ima-02-habillements-et-cadres-dimages-grace-hopper\/\">Ex. Wr.IMA.02 \u2013 Habillements et cadres d&rsquo;images (Grace Hopper)<\/a><\/li><li class=\"listing-item\"><a class=\"title\" href=\"https:\/\/www.cours-info.ch\/wordpress\/index.php\/2018\/10\/01\/ex-wr-ima-04-habillements-et-legendes-bora-bora\/\">Ex. Wr.IMA.04 \u2013 Habillements et l\u00e9gendes (Bora Bora)<\/a><\/li><\/ul>\n\n<strong>Tableaux<\/strong>\n<ul class=\"display-posts-listing\"><li class=\"listing-item\"><a class=\"title\" href=\"https:\/\/www.cours-info.ch\/wordpress\/index.php\/2018\/10\/29\/ex-wr-tabl-01-premier-tableau\/\">Ex. Wr.TABL.01 \u2013 Premier tableau<\/a><\/li><li class=\"listing-item\"><a class=\"title\" href=\"https:\/\/www.cours-info.ch\/wordpress\/index.php\/2018\/10\/29\/ex-wr-tabl-03-tri-et-styles-dans-un-tableau\/\">Ex. Wr.TABL.03 \u2013 Tri et styles dans un tableau<\/a><\/li><li class=\"listing-item\"><a class=\"title\" href=\"https:\/\/www.cours-info.ch\/wordpress\/index.php\/2018\/10\/29\/ex-wr-tabl-04-scinder-et-fusionner-les-vacances\/\">Ex. Wr.TABL.04 \u2013 Scinder et fusionner : les vacances !<\/a><\/li><\/ul>\n\n<strong>Longs documents<\/strong>\n<ul class=\"display-posts-listing\"><li class=\"listing-item\"><a class=\"title\" href=\"https:\/\/www.cours-info.ch\/wordpress\/index.php\/2018\/11\/19\/ex-wr-lod-01-appliquer-des-styles\/\">Ex. Wr.LOD.01 &#8211; Appliquer des styles<\/a><\/li><li class=\"listing-item\"><a class=\"title\" href=\"https:\/\/www.cours-info.ch\/wordpress\/index.php\/2018\/11\/19\/ex-wr-lod-02-votre-1ere-table-des-matieres\/\">Ex. Wr.LOD.02 &#8211; Votre 1\u00e8re table des mati\u00e8res<\/a><\/li><li class=\"listing-item\"><a class=\"title\" href=\"https:\/\/www.cours-info.ch\/wordpress\/index.php\/2018\/11\/19\/ex-wr-lod-03-modifier-des-styles\/\">Ex. Wr.LOD.03 &#8211; Modifier des styles<\/a><\/li><li class=\"listing-item\"><a class=\"title\" href=\"https:\/\/www.cours-info.ch\/wordpress\/index.php\/2018\/11\/26\/ex-wr-lod-04-en-tetes-et-pieds-de-pages\/\">Ex. Wr.LOD.04 &#8211; En-t\u00eates et pieds de pages<\/a><\/li><li class=\"listing-item\"><a class=\"title\" href=\"https:\/\/www.cours-info.ch\/wordpress\/index.php\/2018\/11\/26\/ex-wr-lod-05-des-pages-differentes\/\">Ex. Wr.LOD.05 &#8211; Des pages diff\u00e9rentes<\/a><\/li><li class=\"listing-item\"><a class=\"title\" href=\"https:\/\/www.cours-info.ch\/wordpress\/index.php\/2018\/12\/04\/ex-wr-lod-06-en-tetes-et-pieds-de-pages-alternes\/\">Ex. Wr.LOD.06 \u2013 En-t\u00eates et pieds de pages altern\u00e9s<\/a><\/li><li class=\"listing-item\"><a class=\"title\" href=\"https:\/\/www.cours-info.ch\/wordpress\/index.php\/2018\/12\/10\/ex-wr-lod-07-legendes-notes-de-bas-de-page-pied-de-page\/\">Ex. Wr.LOD.07 &#8211; L\u00e9gendes, notes de bas de page, pied de page<\/a><\/li><li class=\"listing-item\"><a class=\"title\" href=\"https:\/\/www.cours-info.ch\/wordpress\/index.php\/2018\/12\/10\/ex-wr-lod-08-synthese-achatina-fulica\/\">Ex. Wr.LOD.08 \u2013 Synth\u00e8se : Achatina Fulica<\/a><\/li><\/ul>\n\n<hr \/>\n\n<h3>Impress<\/h3>\n\n<hr \/>\n\n<strong>G\u00e9n\u00e9ralit\u00e9s\n<\/strong><ul class=\"display-posts-listing\"><li class=\"listing-item\"><a class=\"title\" href=\"https:\/\/www.cours-info.ch\/wordpress\/index.php\/2019\/01\/08\/ex-im-01-le-printemps-1ere-presentation\/\">Ex. Im.01 \u2013 Le printemps ! 1\u00e8re pr\u00e9sentation !<\/a><\/li><li class=\"listing-item\"><a class=\"title\" href=\"https:\/\/www.cours-info.ch\/wordpress\/index.php\/2019\/01\/08\/ex-im-02-images-speciales\/\">Ex. Im.02 \u2013 Images sp\u00e9ciales<\/a><\/li><li class=\"listing-item\"><a class=\"title\" href=\"https:\/\/www.cours-info.ch\/wordpress\/index.php\/2019\/01\/14\/ex-p-03-transparence\/\">Ex. Im.03 \u2013 Transparence<\/a><\/li><li class=\"listing-item\"><a class=\"title\" href=\"https:\/\/www.cours-info.ch\/wordpress\/index.php\/2019\/01\/14\/ex-im-04-animations\/\">Ex. Im.04 \u2013 Animations<\/a><\/li><\/ul>\n\n<hr \/>\n\n<h3>Calc<\/h3>\n\n<hr \/>\n\n<strong>Mise en forme<\/strong>\n<ul class=\"display-posts-listing\"><li class=\"listing-item\"><a class=\"title\" href=\"https:\/\/www.cours-info.ch\/wordpress\/index.php\/2019\/01\/21\/ex-ca-mef-01-mise-en-forme-lechiquier\/\">Ex. Ca.MEF.01 &#8211; Mise en forme : l&rsquo;\u00e9chiquier<\/a><\/li><li class=\"listing-item\"><a class=\"title\" href=\"https:\/\/www.cours-info.ch\/wordpress\/index.php\/2019\/01\/21\/ex-ca-mef-02-mise-en-forme-le-champi-mario\/\">Ex. Ca.MEF.02 &#8211; Mise en forme : le champi Mario<\/a><\/li><li class=\"listing-item\"><a class=\"title\" href=\"https:\/\/www.cours-info.ch\/wordpress\/index.php\/2019\/01\/21\/ex-ca-mef-03-lalignement-dans-une-cellule\/\">Ex. Ca.MEF.03 &#8211; L&rsquo;alignement dans une cellule<\/a><\/li><li class=\"listing-item\"><a class=\"title\" href=\"https:\/\/www.cours-info.ch\/wordpress\/index.php\/2019\/01\/21\/ex-ca-mef-04-les-formats-de-nombres\/\">Ex. Ca.MEF.04 &#8211; Les formats de nombres<\/a><\/li><\/ul>\n\n<strong>Entrer des donn\u00e9es<\/strong>\n<ul class=\"display-posts-listing\"><li class=\"listing-item\"><a class=\"title\" href=\"https:\/\/www.cours-info.ch\/wordpress\/index.php\/2019\/01\/21\/ex-ca-dat-01-creation-de-tableau-incrementation\/\">Ex. Ca.DAT.01 &#8211; Cr\u00e9ation de tableau, incr\u00e9mentation<\/a><\/li><li class=\"listing-item\"><a class=\"title\" href=\"https:\/\/www.cours-info.ch\/wordpress\/index.php\/2019\/01\/28\/ex-ca-dat-02-votre-horaire-de-la-semaine\/\">Ex. Ca.DAT.02 &#8211; Votre horaire de la semaine<\/a><\/li><\/ul>\n\n<strong>Formules et fonctions<\/strong>\n<ul class=\"display-posts-listing\"><li class=\"listing-item\"><a class=\"title\" href=\"https:\/\/www.cours-info.ch\/wordpress\/index.php\/2019\/01\/28\/ex-ca-for-01-premieres-formules-operateurs-arithmetiques\/\">Ex. Ca.FOR.01 &#8211; Premi\u00e8res formules (op\u00e9rateurs arithm\u00e9tiques)<\/a><\/li><li class=\"listing-item\"><a class=\"title\" href=\"https:\/\/www.cours-info.ch\/wordpress\/index.php\/2019\/01\/28\/ex-ca-for-02-les-fonctions-de-base\/\">Ex. Ca.FOR.02 &#8211; Les fonctions de base<\/a><\/li><li class=\"listing-item\"><a class=\"title\" href=\"https:\/\/www.cours-info.ch\/wordpress\/index.php\/2019\/02\/09\/ex-ca-for-03-fonctions-a-0-et-1-argument\/\">Ex. Ca.FOR.03 &#8211; Fonctions \u00e0 0 et 1 argument<\/a><\/li><li class=\"listing-item\"><a class=\"title\" href=\"https:\/\/www.cours-info.ch\/wordpress\/index.php\/2019\/02\/09\/ex-ca-for-04-une-fonction-sur-une-plage\/\">Ex. Ca.FOR.04 &#8211; Une fonction sur une plage<\/a><\/li><li class=\"listing-item\"><a class=\"title\" href=\"https:\/\/www.cours-info.ch\/wordpress\/index.php\/2019\/02\/09\/ex-ca-for-05-tableau-de-vos-moyennes-au-gymnase\/\">Ex. Ca.FOR.05 \u2013 Tableau de vos moyennes au gymnase<\/a><\/li><li class=\"listing-item\"><a class=\"title\" href=\"https:\/\/www.cours-info.ch\/wordpress\/index.php\/2019\/02\/09\/ex-ca-for-06-reference-absolue-tva\/\">Ex. Ca.FOR.06 \u2013 R\u00e9f\u00e9rence absolue (TVA)<\/a><\/li><li class=\"listing-item\"><a class=\"title\" href=\"https:\/\/www.cours-info.ch\/wordpress\/index.php\/2019\/02\/20\/ex-ca-for-07-reference-absolue-taux-de-change\/\">Ex. Ca.FOR.07 \u2013 R\u00e9f\u00e9rence absolue (taux de change)<\/a><\/li><li class=\"listing-item\"><a class=\"title\" href=\"https:\/\/www.cours-info.ch\/wordpress\/index.php\/2019\/02\/20\/ex-ca-for-08-references-absolues-croisees-table-de-multiplication\/\">Ex. Ca.FOR.08 \u2013 R\u00e9f\u00e9rences absolues crois\u00e9es (table de multiplication)<\/a><\/li><li class=\"listing-item\"><a class=\"title\" href=\"https:\/\/www.cours-info.ch\/wordpress\/index.php\/2019\/02\/20\/ex-ca-for-09-reference-absolue-application\/\">Ex. Ca.FOR.09 \u2013 R\u00e9f\u00e9rence absolue, application<\/a><\/li><\/ul>\n\n\n\n<strong>Fonctions logiques<\/strong>\n<ul class=\"display-posts-listing\"><li class=\"listing-item\"><a class=\"title\" href=\"https:\/\/www.cours-info.ch\/wordpress\/index.php\/2019\/03\/06\/ex-ca-fol-01-le-club-du-3e-age\/\">Ex. Ca.FOL.01 \u2013 Le club du 3e \u00e2ge<\/a><\/li><li class=\"listing-item\"><a class=\"title\" href=\"https:\/\/www.cours-info.ch\/wordpress\/index.php\/2019\/03\/06\/ex-ca-fol-02-compter-des-cellules\/\">Ex. Ca.FOL.02 \u2013 Compter des cellules<\/a><\/li><li class=\"listing-item\"><a class=\"title\" href=\"https:\/\/www.cours-info.ch\/wordpress\/index.php\/2019\/03\/06\/ex-ca-fol-03-classement-dequipes\/\">Ex. Ca.FOL.03 \u2013 Classement d&rsquo;\u00e9quipes<\/a><\/li><li class=\"listing-item\"><a class=\"title\" href=\"https:\/\/www.cours-info.ch\/wordpress\/index.php\/2019\/03\/12\/ex-ca-fol-04-imbrication-de-si\/\">Ex. Ca.FOL.04 \u2013 Imbrication de SI<\/a><\/li><\/ul>\n\n \n\n<strong>Mise en page<\/strong>\n<ul class=\"display-posts-listing\"><li class=\"listing-item\"><a class=\"title\" href=\"https:\/\/www.cours-info.ch\/wordpress\/index.php\/2019\/03\/12\/ex-ca-mep-01-mise-en-page-et-impression\/\">Ex. Ca.MEP.01 \u2013 Mise en page et impression<\/a><\/li><li class=\"listing-item\"><a class=\"title\" href=\"https:\/\/www.cours-info.ch\/wordpress\/index.php\/2019\/03\/12\/ex-ca-mep-02-toujours-de-limpression-votre-horaire\/\">Ex. Ca.MEP.02 \u2013 Toujours de l&rsquo;impression ! (votre horaire)<\/a><\/li><\/ul>\n\n \n\n<strong>Filtrer et trier des donn\u00e9es<\/strong>\n<ul class=\"display-posts-listing\"><li class=\"listing-item\"><a class=\"title\" href=\"https:\/\/www.cours-info.ch\/wordpress\/index.php\/2019\/03\/12\/ex-ca-tri-01-6-semaines-de-vacances-par-annee\/\">Ex. Ca.TRI.01 \u2013 6 semaines de vacances par ann\u00e9e<\/a><\/li><\/ul>\n\n \n\n<strong>Diagrammes\u00a0(graphiques)<\/strong>\n<ul class=\"display-posts-listing\"><li class=\"listing-item\"><a class=\"title\" href=\"https:\/\/www.cours-info.ch\/wordpress\/index.php\/2019\/03\/12\/ex-ca-dia-01-1er-diagramme\/\">Ex. Ca.DIA.01 \u2013 1er diagramme<\/a><\/li><li class=\"listing-item\"><a class=\"title\" href=\"https:\/\/www.cours-info.ch\/wordpress\/index.php\/2019\/03\/26\/ex-ca-dia-02-choix-dun-type-de-diagramme\/\">Ex. Ca.DIA.02 &#8211; Choix d&rsquo;un type de diagramme<\/a><\/li><li class=\"listing-item\"><a class=\"title\" href=\"https:\/\/www.cours-info.ch\/wordpress\/index.php\/2019\/03\/26\/ex-ca-dia-03-plus-de-diagrammes\/\">Ex. Ca.DIA.03 &#8211; Plus de diagrammes !<\/a><\/li><\/ul>\n\n","protected":false},"excerpt":{"rendered":"<p>Cette <a href=\"https:\/\/www.cours-info.ch\/wordpress\/index.php\/2019\/03\/26\/ex-ca-dia-03-plus-de-diagrammes\/\" class=\"read-more\">Cliquez pour voir la suite<\/a><\/p>\n","protected":false},"author":2,"featured_media":0,"parent":0,"menu_order":0,"comment_status":"closed","ping_status":"closed","template":"","meta":{"footnotes":""},"class_list":["post-22","page","type-page","status-publish","hentry"],"_links":{"self":[{"href":"https:\/\/www.cours-info.ch\/wordpress\/index.php\/wp-json\/wp\/v2\/pages\/22","targetHints":{"allow":["GET"]}}],"collection":[{"href":"https:\/\/www.cours-info.ch\/wordpress\/index.php\/wp-json\/wp\/v2\/pages"}],"about":[{"href":"https:\/\/www.cours-info.ch\/wordpress\/index.php\/wp-json\/wp\/v2\/types\/page"}],"author":[{"embeddable":true,"href":"https:\/\/www.cours-info.ch\/wordpress\/index.php\/wp-json\/wp\/v2\/users\/2"}],"replies":[{"embeddable":true,"href":"https:\/\/www.cours-info.ch\/wordpress\/index.php\/wp-json\/wp\/v2\/comments?post=22"}],"version-history":[{"count":39,"href":"https:\/\/www.cours-info.ch\/wordpress\/index.php\/wp-json\/wp\/v2\/pages\/22\/revisions"}],"predecessor-version":[{"id":1444,"href":"https:\/\/www.cours-info.ch\/wordpress\/index.php\/wp-json\/wp\/v2\/pages\/22\/revisions\/1444"}],"wp:attachment":[{"href":"https:\/\/www.cours-info.ch\/wordpress\/index.php\/wp-json\/wp\/v2\/media?parent=22"}],"curies":[{"name":"wp","href":"https:\/\/api.w.org\/{rel}","templated":true}]}}