{"id":32,"date":"2016-08-29T16:41:54","date_gmt":"2016-08-29T14:41:54","guid":{"rendered":"http:\/\/www.jterraz.net\/wordpress\/?page_id=32"},"modified":"2019-11-14T18:05:56","modified_gmt":"2019-11-14T17:05:56","slug":"3c","status":"publish","type":"page","link":"https:\/\/www.cours-info.ch\/wordpress\/index.php\/3c\/","title":{"rendered":"Classes de 3C"},"content":{"rendered":"<p>Cette page rassemble les exercices et les tutos qui recouvrent le programme de 3e ann\u00e9e de l&rsquo;Ecole de Culture G\u00e9n\u00e9rale. En principe les tutos utiles sont propos\u00e9s sous forme de lien dans chaque exercice.<\/p>\n<p>Au\u00a0programme\u00a0de 3e ann\u00e9e pour l&rsquo;Ecole de Culture G\u00e9n\u00e9rale (<a href=\"http:\/\/www.vd.ch\/themes\/formation\/gymnase\/ecole-de-culture-generale\/\" target=\"_blank\" rel=\"noopener noreferrer\">selon le plan d&rsquo;\u00e9tudes disponible ici<\/a>), fonctions avanc\u00e9es du\u00a0traitement de texte, orient\u00e9es vers la\u00a0gestion d\u2019un document long (utilise\u0301es dans le cadre du TPL), en particulier :<\/p>\n<ul>\n<li>Recherche\/remplacement<\/li>\n<li>C\u00e9sure, lettrines<\/li>\n<li>Insertion de caract\u00e8res sp\u00e9ciaux et d\u2019images avec l\u00e9gendes<\/li>\n<li>Tabulations, points de suite<\/li>\n<li>Sauts de page, de section<\/li>\n<li>Notes de bas de page<\/li>\n<li>Mise en forme de lettres<\/li>\n<li>Enum\u00e9ration<\/li>\n<li>En-t\u00eates et pieds de page, pages paires et impaires, y compris la gestion de sections<\/li>\n<li>Cr\u00e9ation et application de styles<\/li>\n<li>Hi\u00e9rarchisation<\/li>\n<li>Table des mati\u00e8res<\/li>\n<\/ul>\n<hr \/>\n<h3>Dactylographie<\/h3>\n<hr \/>\n<p>Pour vous entra\u00eener \u00e0 la frappe au clavier, le gymnase de Beaulieu vous met \u00e0 disposition des acc\u00e8s au site en ligne Tap Touche, sur lequel vous pouvez <a href=\"https:\/\/vaudgymb.taptouche.com\/\" target=\"_blank\" rel=\"noopener noreferrer\">vous rendre en cliquant ici<\/a> (\u00e9videmment r\u00e9serv\u00e9 aux \u00e9l\u00e8ves du gymnase). Vous utilisez les m\u00eames identifiants que ceux re\u00e7us en d\u00e9but d&rsquo;ann\u00e9e.<\/p>\n<hr \/>\n<h3>Word<\/h3>\n<hr \/>\n<p><strong>Images<\/strong><br \/>\n<ul class=\"display-posts-listing\"><li class=\"listing-item\"><a class=\"title\" href=\"https:\/\/www.cours-info.ch\/wordpress\/index.php\/2016\/08\/30\/ex-wo-ima-01-insertion-et-habillement-dimages-ada-lovelace\/\">Ex. Wo.IMA.01 \u2013 Insertion et habillement d&rsquo;images (Ada Lovelace)<\/a><\/li><li class=\"listing-item\"><a class=\"title\" href=\"https:\/\/www.cours-info.ch\/wordpress\/index.php\/2016\/08\/30\/ex-w-ima-02-habillements-et-cadres-dimages-grace-hopper\/\">Ex. Wo.IMA.02 \u2013 Habillements et cadres d&rsquo;images (Grace Hopper)<\/a><\/li><li class=\"listing-item\"><a class=\"title\" href=\"https:\/\/www.cours-info.ch\/wordpress\/index.php\/2016\/08\/30\/ex-w-ima-03-mon-cousin-cet-hydro-aventurier\/\">Ex. Wo.IMA.03 \u2013 Mon cousin, cet hydro-aventurier<\/a><\/li><li class=\"listing-item\"><a class=\"title\" href=\"https:\/\/www.cours-info.ch\/wordpress\/index.php\/2016\/08\/30\/ex-w-ima-04-habillements-et-legendes-bora-bora\/\">Ex. Wo.IMA.04 \u2013 Habillements et l\u00e9gendes (Bora Bora)<\/a><\/li><li class=\"listing-item\"><a class=\"title\" href=\"https:\/\/www.cours-info.ch\/wordpress\/index.php\/2016\/09\/01\/tuto-habillement-des-images\/\">Tuto &#8211; habillement des images<\/a><\/li><li class=\"listing-item\"><a class=\"title\" href=\"https:\/\/www.cours-info.ch\/wordpress\/index.php\/2016\/09\/01\/tuto-inserer-une-image\/\">Tuto &#8211; Ins\u00e9rer une image<\/a><\/li><li class=\"listing-item\"><a class=\"title\" href=\"https:\/\/www.cours-info.ch\/wordpress\/index.php\/2016\/09\/01\/tuto-redimensionner-une-image\/\">Tuto &#8211; Redimensionner une image<\/a><\/li><li class=\"listing-item\"><a class=\"title\" href=\"https:\/\/www.cours-info.ch\/wordpress\/index.php\/2016\/09\/01\/tuto-rogner-une-image\/\">Tuto &#8211; Rogner une image<\/a><\/li><\/ul><\/p>\n<p><strong>Tableaux<\/strong><br \/>\n<ul class=\"display-posts-listing\"><li class=\"listing-item\"><a class=\"title\" href=\"https:\/\/www.cours-info.ch\/wordpress\/index.php\/2016\/09\/01\/ex-w-tabl-01-premier-tableau\/\">Ex. Wo.TABL.01 \u2013 Premier tableau<\/a><\/li><li class=\"listing-item\"><a class=\"title\" href=\"https:\/\/www.cours-info.ch\/wordpress\/index.php\/2016\/09\/01\/ex-w-tabl-02-orientation-du-texte-scooter-a-vendre\/\">Ex. Wo.TABL.02 \u2013 Orientation du texte : scooter \u00e0 vendre<\/a><\/li><li class=\"listing-item\"><a class=\"title\" href=\"https:\/\/www.cours-info.ch\/wordpress\/index.php\/2016\/09\/01\/ex-w-tabl-03-tri-et-styles-dans-un-tableau\/\">Ex. Wo.TABL.03 \u2013 Tri et styles dans un tableau<\/a><\/li><li class=\"listing-item\"><a class=\"title\" href=\"https:\/\/www.cours-info.ch\/wordpress\/index.php\/2016\/09\/01\/ex-w-tabl-04-fraction-et-fusion-les-vacances\/\">Ex. Wo.TABL.04 \u2013 Fraction et fusion : les vacances !<\/a><\/li><li class=\"listing-item\"><a class=\"title\" href=\"https:\/\/www.cours-info.ch\/wordpress\/index.php\/2016\/09\/01\/ex-w-tabl-05-convertir-du-texte-en-tableau\/\">Ex. Wo.TABL.05 \u2013 Convertir du texte en tableau<\/a><\/li><li class=\"listing-item\"><a class=\"title\" href=\"https:\/\/www.cours-info.ch\/wordpress\/index.php\/2016\/09\/01\/ex-wo-tabl-05-conversion-de-texte-en-tableau\/\">Ex. Wo.TABL.06 \u2013 Conversion de texte en tableau<\/a><\/li><\/ul><\/p>\n<p><strong>Longs documents<\/strong><br \/>\n<ul class=\"display-posts-listing\"><li class=\"listing-item\"><a class=\"title\" href=\"https:\/\/www.cours-info.ch\/wordpress\/index.php\/2016\/09\/02\/ex-w-lod-01-appliquer-des-styles\/\">Ex. Wo.LOD.01 &#8211; Appliquer des styles<\/a><\/li><li class=\"listing-item\"><a class=\"title\" href=\"https:\/\/www.cours-info.ch\/wordpress\/index.php\/2016\/09\/02\/ex-w-lod-02-votre-1er-long-document-la-suisse\/\">Ex. Wo.LOD.02 &#8211; Votre 1\u00e8re table des mati\u00e8res<\/a><\/li><li class=\"listing-item\"><a class=\"title\" href=\"https:\/\/www.cours-info.ch\/wordpress\/index.php\/2016\/09\/02\/ex-w-lod-03-modifier-des-styles\/\">Ex. Wo.LOD.03 &#8211; Modifier des styles<\/a><\/li><li class=\"listing-item\"><a class=\"title\" href=\"https:\/\/www.cours-info.ch\/wordpress\/index.php\/2016\/09\/02\/ex-w-lod-04-que-font-les-sauts-de-section\/\">Ex. Wo.LOD.04 &#8211; Que font les sauts de section ?<\/a><\/li><li class=\"listing-item\"><a class=\"title\" href=\"https:\/\/www.cours-info.ch\/wordpress\/index.php\/2016\/09\/02\/ex-w-lod-05-sauts-de-pages-et-de-sections\/\">Ex. Wo.LOD.05 &#8211; Sauts de pages et de sections<\/a><\/li><li class=\"listing-item\"><a class=\"title\" href=\"https:\/\/www.cours-info.ch\/wordpress\/index.php\/2016\/09\/02\/ex-w-lod-06-en-tetes-et-pieds-de-pages-alternes\/\">Ex. Wo.LOD.06 \u2013 En-t\u00eates et pieds de pages altern\u00e9s, RefStyle<\/a><\/li><li class=\"listing-item\"><a class=\"title\" href=\"https:\/\/www.cours-info.ch\/wordpress\/index.php\/2016\/09\/02\/ex-w-lod-07-dautres-outils-des-longs-documents\/\">Ex. Wo.LOD.07 &#8211; L\u00e9gendes, notes de bas de page, pied de page<\/a><\/li><li class=\"listing-item\"><a class=\"title\" href=\"https:\/\/www.cours-info.ch\/wordpress\/index.php\/2016\/09\/02\/ex-w-lod-08-achatina-fulica\/\">Ex. Wo.LOD.08 \u2013 Synth\u00e8se : Achatina Fulica<\/a><\/li><li class=\"listing-item\"><a class=\"title\" href=\"https:\/\/www.cours-info.ch\/wordpress\/index.php\/2016\/09\/02\/ex-w-lod-08b-synthese-achatina-fulica\/\">Ex. Wo.LOD.08b \u2013 Synth\u00e8se : Interpr\u00e9tation de consignes<\/a><\/li><li class=\"listing-item\"><a class=\"title\" href=\"https:\/\/www.cours-info.ch\/wordpress\/index.php\/2016\/09\/02\/ex-w-lod-09-synthese-saut-a-la-perche\/\">Ex. Wo.LOD.09 \u2013 Synth\u00e8se : Saut \u00e0 la perche<\/a><\/li><li class=\"listing-item\"><a class=\"title\" href=\"https:\/\/www.cours-info.ch\/wordpress\/index.php\/2016\/09\/02\/ex-w-lod-10-synthese-internet-dans-le-monde\/\">Ex. Wo.LOD.10 \u2013 Synth\u00e8se : Internet dans le monde<\/a><\/li><li class=\"listing-item\"><a class=\"title\" href=\"https:\/\/www.cours-info.ch\/wordpress\/index.php\/2016\/09\/02\/ex-w-lod-11-index-et-insertions\/\">Ex. Wo.LOD.11 \u2013 Index et insertions<\/a><\/li><li class=\"listing-item\"><a class=\"title\" href=\"https:\/\/www.cours-info.ch\/wordpress\/index.php\/2016\/09\/02\/ex-w-lod-12-insertions-automatiques\/\">Ex. Wo.LOD.12 \u2013 Insertions automatiques<\/a><\/li><li class=\"listing-item\"><a class=\"title\" href=\"https:\/\/www.cours-info.ch\/wordpress\/index.php\/2016\/09\/02\/ex-w-lod-13-un-tpl\/\">Ex. Wo.LOD.13 \u2013 Un TPL<\/a><\/li><li class=\"listing-item\"><a class=\"title\" href=\"https:\/\/www.cours-info.ch\/wordpress\/index.php\/2016\/09\/01\/tuto-index01\/\">Tuto &#8211; Cr\u00e9er un index<\/a><\/li><li class=\"listing-item\"><a class=\"title\" href=\"https:\/\/www.cours-info.ch\/wordpress\/index.php\/2016\/09\/01\/tuto-insertion-de-champ-special\/\">Tuto &#8211; Insertion de champ sp\u00e9cial<\/a><\/li><\/ul><\/p>\n<p><strong>Bibliographie<\/strong><br \/>\n<ul class=\"display-posts-listing\"><li class=\"listing-item\"><a class=\"title\" href=\"https:\/\/www.cours-info.ch\/wordpress\/index.php\/2019\/11\/14\/ex-wo-bib-01-creer-une-bibliographie\/\">Ex. Wo.Bib.01 &#8211; Cr\u00e9er une bibliographie<\/a><\/li><li class=\"listing-item\"><a class=\"title\" href=\"https:\/\/www.cours-info.ch\/wordpress\/index.php\/2019\/11\/15\/ex-wo-bib-02-citer-une-source\/\">Ex. Wo.Bib.02 &#8211; Citer une source<\/a><\/li><li class=\"listing-item\"><a class=\"title\" href=\"https:\/\/www.cours-info.ch\/wordpress\/index.php\/2019\/11\/14\/tuto-la-bibliographie-dans-word\/\">Tuto &#8211; La bibliographie dans Word<\/a><\/li><\/ul><\/p>\n<p><strong>PowerPoint<\/strong><\/p>\n<ul class=\"display-posts-listing\"><li class=\"listing-item\"><a class=\"title\" href=\"https:\/\/www.cours-info.ch\/wordpress\/index.php\/2016\/09\/01\/ex-p-01-le-printemps-1ere-presentation\/\">Ex. P.01 \u2013 Le printemps ! 1\u00e8re pr\u00e9sentation !<\/a><\/li><li class=\"listing-item\"><a class=\"title\" href=\"https:\/\/www.cours-info.ch\/wordpress\/index.php\/2016\/09\/01\/ex-p-02-images-speciales\/\">Ex. P.02 \u2013 Images sp\u00e9ciales<\/a><\/li><li class=\"listing-item\"><a class=\"title\" href=\"https:\/\/www.cours-info.ch\/wordpress\/index.php\/2016\/09\/01\/ex-p-03-schema\/\">Ex. P.03 \u2013 Sch\u00e9ma<\/a><\/li><li class=\"listing-item\"><a class=\"title\" href=\"https:\/\/www.cours-info.ch\/wordpress\/index.php\/2016\/09\/01\/ex-p-04-schema\/\">Ex. P.04 \u2013 Animations<\/a><\/li><li class=\"listing-item\"><a class=\"title\" href=\"https:\/\/www.cours-info.ch\/wordpress\/index.php\/2016\/09\/01\/ex-p-05-comme-une-envie-de-vacances\/\">Ex. P.05 \u2013 Comme une envie de vacances&#8230;<\/a><\/li><li class=\"listing-item\"><a class=\"title\" href=\"https:\/\/www.cours-info.ch\/wordpress\/index.php\/2016\/09\/01\/ex-p-07-jadooooore-les-couchers-de-soleil\/\">Ex. P.07 \u2013 J&rsquo;adooooore les couchers de soleil<\/a><\/li><li class=\"listing-item\"><a class=\"title\" href=\"https:\/\/www.cours-info.ch\/wordpress\/index.php\/2016\/09\/01\/ex-p-08-masquer-le-renard-flamboyant\/\">Ex. P.08 \u2013 Masquer le renard flamboyant<\/a><\/li><li class=\"listing-item\"><a class=\"title\" href=\"https:\/\/www.cours-info.ch\/wordpress\/index.php\/2016\/09\/01\/ex-p-09-votre-presentation\/\">Ex. P.09 \u2013 Votre pr\u00e9sentation<\/a><\/li><li class=\"listing-item\"><a class=\"title\" href=\"https:\/\/www.cours-info.ch\/wordpress\/index.php\/2016\/09\/01\/ex-p-10-ordre-des-animations\/\">Ex. P.10 \u2013 Ordre des animations<\/a><\/li><li class=\"listing-item\"><a class=\"title\" href=\"https:\/\/www.cours-info.ch\/wordpress\/index.php\/2016\/09\/01\/ex-p-11-etude-de-cas\/\">Ex. P.11 \u2013 Etude de cas<\/a><\/li><li class=\"listing-item\"><a class=\"title\" href=\"https:\/\/www.cours-info.ch\/wordpress\/index.php\/2016\/09\/01\/ex-p-12-le-masque-rien-que-le-masque-plus-que-le-masque\/\">Ex. P.12 \u2013 Le masque, rien que le masque, plus que le masque<\/a><\/li><li class=\"listing-item\"><a class=\"title\" href=\"https:\/\/www.cours-info.ch\/wordpress\/index.php\/2016\/09\/01\/ex-p-13-minutage-et-boucle\/\">Ex. P.13 \u2013 Minutage et boucle<\/a><\/li><li class=\"listing-item\"><a class=\"title\" href=\"https:\/\/www.cours-info.ch\/wordpress\/index.php\/2016\/09\/01\/ex-p-14-finalement-un-cas\/\">Ex. P.14 \u2013 Finalement, un cas<\/a><\/li><li class=\"listing-item\"><a class=\"title\" href=\"https:\/\/www.cours-info.ch\/wordpress\/index.php\/2016\/09\/01\/ex-p-15-un-masque-peut-en-cacher-un-autre\/\">Ex. P.15 \u2013 Un masque peut en cacher un autre<\/a><\/li><li class=\"listing-item\"><a class=\"title\" href=\"https:\/\/www.cours-info.ch\/wordpress\/index.php\/2016\/09\/01\/ex-p-16-identite-visuelle\/\">Ex. P.16 \u2013 Identit\u00e9 visuelle<\/a><\/li><li class=\"listing-item\"><a class=\"title\" href=\"https:\/\/www.cours-info.ch\/wordpress\/index.php\/2016\/09\/01\/ex-p-17-identite-visuelle-2\/\">Ex. P.17 \u2013 Identit\u00e9 visuelle 2<\/a><\/li><li class=\"listing-item\"><a class=\"title\" href=\"https:\/\/www.cours-info.ch\/wordpress\/index.php\/2016\/09\/01\/tuto-ajouter-et-gerer-des-animations\/\">Tuto &#8211; Ajouter et g\u00e9rer des animations<\/a><\/li><li class=\"listing-item\"><a class=\"title\" href=\"https:\/\/www.cours-info.ch\/wordpress\/index.php\/2016\/09\/01\/tuto-creer-ou-modifier-un-jeu-de-couleurs\/\">Tuto &#8211; Cr\u00e9er ou modifier un jeu de couleurs<\/a><\/li><li class=\"listing-item\"><a class=\"title\" href=\"https:\/\/www.cours-info.ch\/wordpress\/index.php\/2016\/09\/01\/tuto-inserer-une-diapositive\/\">Tuto &#8211; Ins\u00e9rer une diapositive<\/a><\/li><li class=\"listing-item\"><a class=\"title\" href=\"https:\/\/www.cours-info.ch\/wordpress\/index.php\/2016\/09\/01\/tuto-inserer-une-image\/\">Tuto &#8211; Ins\u00e9rer une image<\/a><\/li><li class=\"listing-item\"><a class=\"title\" href=\"https:\/\/www.cours-info.ch\/wordpress\/index.php\/2016\/09\/01\/tuto-pour-faire-tourner-une-presentation-en-boucle\/\">Tuto &#8211; Pour faire tourner une pr\u00e9sentation en boucle<\/a><\/li><li class=\"listing-item\"><a class=\"title\" href=\"https:\/\/www.cours-info.ch\/wordpress\/index.php\/2016\/09\/01\/tuto-redimensionner-une-image\/\">Tuto &#8211; Redimensionner une image<\/a><\/li><li class=\"listing-item\"><a class=\"title\" href=\"https:\/\/www.cours-info.ch\/wordpress\/index.php\/2016\/09\/01\/tuto-selectionner-un-theme\/\">Tuto &#8211; S\u00e9lectionner un th\u00e8me<\/a><\/li><\/ul>\n","protected":false},"excerpt":{"rendered":"<p>Cette <a href=\"https:\/\/www.cours-info.ch\/wordpress\/index.php\/2016\/09\/01\/tuto-selectionner-un-theme\/\" class=\"read-more\">Cliquez pour voir la suite<\/a><\/p>\n","protected":false},"author":2,"featured_media":0,"parent":0,"menu_order":0,"comment_status":"closed","ping_status":"closed","template":"","meta":{"footnotes":""},"class_list":["post-32","page","type-page","status-publish","hentry"],"_links":{"self":[{"href":"https:\/\/www.cours-info.ch\/wordpress\/index.php\/wp-json\/wp\/v2\/pages\/32","targetHints":{"allow":["GET"]}}],"collection":[{"href":"https:\/\/www.cours-info.ch\/wordpress\/index.php\/wp-json\/wp\/v2\/pages"}],"about":[{"href":"https:\/\/www.cours-info.ch\/wordpress\/index.php\/wp-json\/wp\/v2\/types\/page"}],"author":[{"embeddable":true,"href":"https:\/\/www.cours-info.ch\/wordpress\/index.php\/wp-json\/wp\/v2\/users\/2"}],"replies":[{"embeddable":true,"href":"https:\/\/www.cours-info.ch\/wordpress\/index.php\/wp-json\/wp\/v2\/comments?post=32"}],"version-history":[{"count":12,"href":"https:\/\/www.cours-info.ch\/wordpress\/index.php\/wp-json\/wp\/v2\/pages\/32\/revisions"}],"predecessor-version":[{"id":1535,"href":"https:\/\/www.cours-info.ch\/wordpress\/index.php\/wp-json\/wp\/v2\/pages\/32\/revisions\/1535"}],"wp:attachment":[{"href":"https:\/\/www.cours-info.ch\/wordpress\/index.php\/wp-json\/wp\/v2\/media?parent=32"}],"curies":[{"name":"wp","href":"https:\/\/api.w.org\/{rel}","templated":true}]}}