{"id":764,"date":"2017-08-21T11:21:20","date_gmt":"2017-08-21T09:21:20","guid":{"rendered":"https:\/\/www.cours-info.ch\/wordpress\/?page_id=764"},"modified":"2019-08-28T11:00:58","modified_gmt":"2019-08-28T09:00:58","slug":"classes-de-2e","status":"publish","type":"page","link":"https:\/\/www.cours-info.ch\/wordpress\/index.php\/classes-de-2e\/","title":{"rendered":"Classes de 2E"},"content":{"rendered":"<p>Cette page rassemble les exercices et les tutos qui recouvrent le programme de 2e ann\u00e9e de l&rsquo;Ecole de Commerce. En principe les tutos utiles sont propos\u00e9s sous forme de lien dans chaque exercice.<\/p>\n<p>Au programme de 2e ann\u00e9e pour l&rsquo;Ecole de Commerce (<a href=\"https:\/\/www.vd.ch\/fileadmin\/user_upload\/organisation\/dfj\/dgep\/dgep_fichiers_pdf\/DGEP_brochure_EC_web.pdf\" target=\"_blank\" rel=\"noopener noreferrer\">selon le plan d&rsquo;\u00e9tudes disponible ici<\/a>) :<\/p>\n<p><strong>Traitement de texte<\/strong><br \/>\nAcquisition des connaissances permettant de mettre en page diff\u00e9rents types de documents commerciaux ainsi que la gestion d\u2019un long document :<br \/>\n\u2022 respect des principes typographiques ;<br \/>\n\u2022 tableaux ;<br \/>\n\u2022 images avec l\u00e9gendes ;<br \/>\n\u2022 multicolonnage, saut de colonne ;<br \/>\n\u2022 lettrines ;<br \/>\n\u2022 notes de bas de page ;<br \/>\n\u2022 publipostage avec conditions et donn\u00e9es externes ;<br \/>\n\u2022 cr\u00e9ation et application de styles ;<br \/>\n\u2022 mise en place de longs documents avec section, styles, table des mati\u00e8res, hi\u00e9rarchisation, tables des illustrations et citations;<br \/>\n\u2022 cr\u00e9ation de mod\u00e8les de document, avec protection de section ;<br \/>\n\u2022 cr\u00e9ation de formulaires, formulaires \u00e0 mettre en ligne (format PDF ou autres) ;<br \/>\n\u2022 insertion automatique (biblioth\u00e8que de paragraphe) ;<br \/>\n\u2022 utilisation des renvois et signets, des liens hypertextes ;<br \/>\n\u2022 travail de collaboration et technique de r\u00e9vision de documents ;<br \/>\n\u2022 pages paires et impaires ;<br \/>\n\u2022 sauts de page, de section ;<br \/>\n\u2022 en-t\u00eates et pieds de page, y compris la gestion de sections.<\/p>\n<p><strong>Syst\u00e8me d\u2019exploitation \u2014 r\u00e9seau<\/strong><br \/>\n\u2022 Mise \u00e0 disposition de documents sur des plateformes en ligne ;<br \/>\n\u2022 organisation des sauvegardes ;<br \/>\n\u2022 protection et sauvegarde des informations (strat\u00e9gie de mot de passe, document prot\u00e9g\u00e9, lecture seule, etc.) ;<br \/>\n\u2022 protection d\u2019un fichier pdf.<\/p>\n<p><strong>Pr\u00e9sentation<\/strong><br \/>\nAcquisition des connaissances permettant de cr\u00e9er une pr\u00e9sentation :<br \/>\n\u2022 importation d\u2019un graphique cr\u00e9\u00e9 \u00e0 l\u2019aide d\u2019un tableur ;<br \/>\n\u2022 utilisation des masques et cr\u00e9ation d\u2019un mod\u00e8le personnalis\u00e9 ;<br \/>\n\u2022 modification d\u2019un mod\u00e8le existant ;<br \/>\n\u2022 animation agr\u00e9able et vari\u00e9e d\u2019une diapositive ;<br \/>\n\u2022 mise en place de transitions ;<br \/>\n\u2022 pr\u00e9paration d\u2019une r\u00e9union (documentation, pr\u00e9sentation \u00e0 emporter, mat\u00e9riel) ;<br \/>\n\u2022 personnalisation d\u2019une pr\u00e9sentation \u00e0 l\u2019aide d\u2019un masque ;<br \/>\n\u2022 multiple version d\u2019un m\u00eame diaporama, choix de version et masque de diapositives ;<br \/>\n\u2022 pr\u00e9sentation efficace : technique et moyen ;<br \/>\n\u2022 int\u00e9gration d\u2019objet (image, son, vid\u00e9o).<\/p>\n<hr \/>\n<p><strong>En guise de r\u00e9vision<\/strong><\/p>\n<p><a href=\"https:\/\/www.cours-info.ch\/wordpress\/index.php\/2016\/09\/01\/ex-w-tabu-02-mise-en-forme-et-tabulations-un-formulaire\/\" target=\"_blank\" rel=\"noopener noreferrer\">Exercice lettre avec tabulations et points de suite<\/a><\/p>\n<p>Enregistrez ensuite le r\u00e9sultat de cet exercice au format PDF.<\/p>\n<p><strong>Lettre<br \/>\n<ul class=\"display-posts-listing\"><li class=\"listing-item\"><a class=\"title\" href=\"https:\/\/www.cours-info.ch\/wordpress\/index.php\/2016\/11\/22\/ex-w-lett-01-meme-est-fachee\/\">Ex. Wo.LETT.01 \u2013 M\u00e9m\u00e9 est f\u00e2ch\u00e9e<\/a><\/li><li class=\"listing-item\"><a class=\"title\" href=\"https:\/\/www.cours-info.ch\/wordpress\/index.php\/2016\/11\/28\/ex-w-lett-02-lagence-tous-risques\/\">Ex. Wo.LETT.02 \u2013 L&rsquo;agence tous risques<\/a><\/li><li class=\"listing-item\"><a class=\"title\" href=\"https:\/\/www.cours-info.ch\/wordpress\/index.php\/2016\/12\/06\/ex-w-lett-03-resilier-un-abonnement\/\">Ex. Wo.LETT.03 \u2013 R\u00e9silier un abonnement<\/a><\/li><li class=\"listing-item\"><a class=\"title\" href=\"https:\/\/www.cours-info.ch\/wordpress\/index.php\/2016\/12\/06\/ex-w-lett-04-une-facture-est-une-lettre\/\">Ex. Wo.LETT.04 \u2013 Une facture est une lettre<\/a><\/li><li class=\"listing-item\"><a class=\"title\" href=\"https:\/\/www.cours-info.ch\/wordpress\/index.php\/2016\/12\/06\/ex-w-lett-05-une-facture-avec-bvr\/\">Ex. Wo.LETT.05 \u2013 Une facture avec BVR<\/a><\/li><li class=\"listing-item\"><a class=\"title\" href=\"https:\/\/www.cours-info.ch\/wordpress\/index.php\/2017\/05\/15\/ex-w-lett-06-lettre-synthese\/\">Ex. Wo.LETT.06 \u2013 Lettre synth\u00e8se<\/a><\/li><li class=\"listing-item\"><a class=\"title\" href=\"https:\/\/www.cours-info.ch\/wordpress\/index.php\/2016\/11\/22\/tuto-resume-des-regles-de-la-lettre\/\">Tuto &#8211; r\u00e9sum\u00e9 des r\u00e8gles de la lettre<\/a><\/li><li class=\"listing-item\"><a class=\"title\" href=\"https:\/\/www.cours-info.ch\/wordpress\/index.php\/2016\/10\/04\/tuto-schema-des-positions-dune-lettre\/\">Tuto &#8211; Sch\u00e9ma des positions d&rsquo;une lettre<\/a><\/li><\/ul>Images<\/strong><br \/>\n<ul class=\"display-posts-listing\"><li class=\"listing-item\"><a class=\"title\" href=\"https:\/\/www.cours-info.ch\/wordpress\/index.php\/2016\/08\/30\/ex-wo-ima-01-insertion-et-habillement-dimages-ada-lovelace\/\">Ex. Wo.IMA.01 \u2013 Insertion et habillement d&rsquo;images (Ada Lovelace)<\/a><\/li><li class=\"listing-item\"><a class=\"title\" href=\"https:\/\/www.cours-info.ch\/wordpress\/index.php\/2016\/08\/30\/ex-w-ima-02-habillements-et-cadres-dimages-grace-hopper\/\">Ex. Wo.IMA.02 \u2013 Habillements et cadres d&rsquo;images (Grace Hopper)<\/a><\/li><li class=\"listing-item\"><a class=\"title\" href=\"https:\/\/www.cours-info.ch\/wordpress\/index.php\/2016\/08\/30\/ex-w-ima-03-mon-cousin-cet-hydro-aventurier\/\">Ex. Wo.IMA.03 \u2013 Mon cousin, cet hydro-aventurier<\/a><\/li><li class=\"listing-item\"><a class=\"title\" href=\"https:\/\/www.cours-info.ch\/wordpress\/index.php\/2016\/08\/30\/ex-w-ima-04-habillements-et-legendes-bora-bora\/\">Ex. Wo.IMA.04 \u2013 Habillements et l\u00e9gendes (Bora Bora)<\/a><\/li><li class=\"listing-item\"><a class=\"title\" href=\"https:\/\/www.cours-info.ch\/wordpress\/index.php\/2016\/09\/01\/tuto-habillement-des-images\/\">Tuto &#8211; habillement des images<\/a><\/li><li class=\"listing-item\"><a class=\"title\" href=\"https:\/\/www.cours-info.ch\/wordpress\/index.php\/2016\/09\/01\/tuto-inserer-une-image\/\">Tuto &#8211; Ins\u00e9rer une image<\/a><\/li><li class=\"listing-item\"><a class=\"title\" href=\"https:\/\/www.cours-info.ch\/wordpress\/index.php\/2016\/09\/01\/tuto-redimensionner-une-image\/\">Tuto &#8211; Redimensionner une image<\/a><\/li><li class=\"listing-item\"><a class=\"title\" href=\"https:\/\/www.cours-info.ch\/wordpress\/index.php\/2016\/09\/01\/tuto-rogner-une-image\/\">Tuto &#8211; Rogner une image<\/a><\/li><\/ul><\/p>\n<p><strong>Tableaux<\/strong><br \/>\n<ul class=\"display-posts-listing\"><li class=\"listing-item\"><a class=\"title\" href=\"https:\/\/www.cours-info.ch\/wordpress\/index.php\/2016\/09\/01\/ex-w-tabl-01-premier-tableau\/\">Ex. Wo.TABL.01 \u2013 Premier tableau<\/a><\/li><li class=\"listing-item\"><a class=\"title\" href=\"https:\/\/www.cours-info.ch\/wordpress\/index.php\/2016\/09\/01\/ex-w-tabl-02-orientation-du-texte-scooter-a-vendre\/\">Ex. Wo.TABL.02 \u2013 Orientation du texte : scooter \u00e0 vendre<\/a><\/li><li class=\"listing-item\"><a class=\"title\" href=\"https:\/\/www.cours-info.ch\/wordpress\/index.php\/2016\/09\/01\/ex-w-tabl-03-tri-et-styles-dans-un-tableau\/\">Ex. Wo.TABL.03 \u2013 Tri et styles dans un tableau<\/a><\/li><li class=\"listing-item\"><a class=\"title\" href=\"https:\/\/www.cours-info.ch\/wordpress\/index.php\/2016\/09\/01\/ex-w-tabl-04-fraction-et-fusion-les-vacances\/\">Ex. Wo.TABL.04 \u2013 Fraction et fusion : les vacances !<\/a><\/li><li class=\"listing-item\"><a class=\"title\" href=\"https:\/\/www.cours-info.ch\/wordpress\/index.php\/2016\/09\/01\/ex-w-tabl-05-convertir-du-texte-en-tableau\/\">Ex. Wo.TABL.05 \u2013 Convertir du texte en tableau<\/a><\/li><li class=\"listing-item\"><a class=\"title\" href=\"https:\/\/www.cours-info.ch\/wordpress\/index.php\/2016\/09\/01\/ex-wo-tabl-05-conversion-de-texte-en-tableau\/\">Ex. Wo.TABL.06 \u2013 Conversion de texte en tableau<\/a><\/li><\/ul><\/p>\n<p><strong>Divers<\/strong><br \/>\n<ul class=\"display-posts-listing\"><li class=\"listing-item\"><a class=\"title\" href=\"https:\/\/www.cours-info.ch\/wordpress\/index.php\/2017\/08\/31\/ex-w-div-01-lettrines\/\">Ex. Wo.DIV.01 \u2013 Lettrines<\/a><\/li><li class=\"listing-item\"><a class=\"title\" href=\"https:\/\/www.cours-info.ch\/wordpress\/index.php\/2017\/08\/31\/ex-w-div-02-typographie\/\">Ex. Wo.DIV.02 \u2013 Typographie<\/a><\/li><li class=\"listing-item\"><a class=\"title\" href=\"https:\/\/www.cours-info.ch\/wordpress\/index.php\/2017\/08\/31\/ex-w-div-04-insertions-automatiques\/\">Ex. Wo.DIV.04 \u2013 Insertions automatiques<\/a><\/li><\/ul><\/p>\n<p><strong>Longs documents<\/strong><br \/>\n<ul class=\"display-posts-listing\"><li class=\"listing-item\"><a class=\"title\" href=\"https:\/\/www.cours-info.ch\/wordpress\/index.php\/2016\/09\/02\/ex-w-lod-01-appliquer-des-styles\/\">Ex. Wo.LOD.01 &#8211; Appliquer des styles<\/a><\/li><li class=\"listing-item\"><a class=\"title\" href=\"https:\/\/www.cours-info.ch\/wordpress\/index.php\/2016\/09\/02\/ex-w-lod-02-votre-1er-long-document-la-suisse\/\">Ex. Wo.LOD.02 &#8211; Votre 1\u00e8re table des mati\u00e8res<\/a><\/li><li class=\"listing-item\"><a class=\"title\" href=\"https:\/\/www.cours-info.ch\/wordpress\/index.php\/2016\/09\/02\/ex-w-lod-03-modifier-des-styles\/\">Ex. Wo.LOD.03 &#8211; Modifier des styles<\/a><\/li><li class=\"listing-item\"><a class=\"title\" href=\"https:\/\/www.cours-info.ch\/wordpress\/index.php\/2016\/09\/02\/ex-w-lod-04-que-font-les-sauts-de-section\/\">Ex. Wo.LOD.04 &#8211; Que font les sauts de section ?<\/a><\/li><li class=\"listing-item\"><a class=\"title\" href=\"https:\/\/www.cours-info.ch\/wordpress\/index.php\/2016\/09\/02\/ex-w-lod-05-sauts-de-pages-et-de-sections\/\">Ex. Wo.LOD.05 &#8211; Sauts de pages et de sections<\/a><\/li><li class=\"listing-item\"><a class=\"title\" href=\"https:\/\/www.cours-info.ch\/wordpress\/index.php\/2016\/09\/02\/ex-w-lod-06-en-tetes-et-pieds-de-pages-alternes\/\">Ex. Wo.LOD.06 \u2013 En-t\u00eates et pieds de pages altern\u00e9s, RefStyle<\/a><\/li><li class=\"listing-item\"><a class=\"title\" href=\"https:\/\/www.cours-info.ch\/wordpress\/index.php\/2016\/09\/02\/ex-w-lod-07-dautres-outils-des-longs-documents\/\">Ex. Wo.LOD.07 &#8211; L\u00e9gendes, notes de bas de page, pied de page<\/a><\/li><li class=\"listing-item\"><a class=\"title\" href=\"https:\/\/www.cours-info.ch\/wordpress\/index.php\/2016\/09\/02\/ex-w-lod-08-achatina-fulica\/\">Ex. Wo.LOD.08 \u2013 Synth\u00e8se : Achatina Fulica<\/a><\/li><li class=\"listing-item\"><a class=\"title\" href=\"https:\/\/www.cours-info.ch\/wordpress\/index.php\/2016\/09\/02\/ex-w-lod-08b-synthese-achatina-fulica\/\">Ex. Wo.LOD.08b \u2013 Synth\u00e8se : Interpr\u00e9tation de consignes<\/a><\/li><li class=\"listing-item\"><a class=\"title\" href=\"https:\/\/www.cours-info.ch\/wordpress\/index.php\/2016\/09\/02\/ex-w-lod-09-synthese-saut-a-la-perche\/\">Ex. Wo.LOD.09 \u2013 Synth\u00e8se : Saut \u00e0 la perche<\/a><\/li><li class=\"listing-item\"><a class=\"title\" href=\"https:\/\/www.cours-info.ch\/wordpress\/index.php\/2016\/09\/02\/ex-w-lod-10-synthese-internet-dans-le-monde\/\">Ex. Wo.LOD.10 \u2013 Synth\u00e8se : Internet dans le monde<\/a><\/li><li class=\"listing-item\"><a class=\"title\" href=\"https:\/\/www.cours-info.ch\/wordpress\/index.php\/2016\/09\/02\/ex-w-lod-11-index-et-insertions\/\">Ex. Wo.LOD.11 \u2013 Index et insertions<\/a><\/li><li class=\"listing-item\"><a class=\"title\" href=\"https:\/\/www.cours-info.ch\/wordpress\/index.php\/2016\/09\/02\/ex-w-lod-12-insertions-automatiques\/\">Ex. Wo.LOD.12 \u2013 Insertions automatiques<\/a><\/li><li class=\"listing-item\"><a class=\"title\" href=\"https:\/\/www.cours-info.ch\/wordpress\/index.php\/2016\/09\/02\/ex-w-lod-13-un-tpl\/\">Ex. Wo.LOD.13 \u2013 Un TPL<\/a><\/li><li class=\"listing-item\"><a class=\"title\" href=\"https:\/\/www.cours-info.ch\/wordpress\/index.php\/2016\/09\/01\/tuto-index01\/\">Tuto &#8211; Cr\u00e9er un index<\/a><\/li><li class=\"listing-item\"><a class=\"title\" href=\"https:\/\/www.cours-info.ch\/wordpress\/index.php\/2016\/09\/01\/tuto-insertion-de-champ-special\/\">Tuto &#8211; Insertion de champ sp\u00e9cial<\/a><\/li><\/ul><\/p>\n<p><strong>Publipostage<\/strong><br \/>\n<ul class=\"display-posts-listing\"><li class=\"listing-item\"><a class=\"title\" href=\"https:\/\/www.cours-info.ch\/wordpress\/index.php\/2017\/10\/30\/ex-w-publ-01-lagence-tous-risques\/\">Ex. Wo.PUBL.01 \u2013 L&rsquo;agence tous risques<\/a><\/li><li class=\"listing-item\"><a class=\"title\" href=\"https:\/\/www.cours-info.ch\/wordpress\/index.php\/2017\/10\/30\/ex-w-publ-02-publipostage-avec-filtre\/\">Ex. Wo.PUBL.02 \u2013 Publipostage avec filtre<\/a><\/li><li class=\"listing-item\"><a class=\"title\" href=\"https:\/\/www.cours-info.ch\/wordpress\/index.php\/2017\/10\/30\/ex-w-publ-03-publipostage-detiquettes\/\">Ex. Wo.PUBL.03 \u2013 Publipostage d&rsquo;\u00e9tiquettes<\/a><\/li><li class=\"listing-item\"><a class=\"title\" href=\"https:\/\/www.cours-info.ch\/wordpress\/index.php\/2017\/10\/30\/ex-w-publ-04-publipostage-detiquettes-de-marque-inconnue\/\">Ex. Wo.PUBL.04 \u2013 Publipostage d&rsquo;\u00e9tiquettes de marque inconnue<\/a><\/li><li class=\"listing-item\"><a class=\"title\" href=\"https:\/\/www.cours-info.ch\/wordpress\/index.php\/2017\/10\/30\/ex-w-publ-05-adapter-le-contenu-dune-lettre-aux-individus\/\">Ex. Wo.PUBL.05 &#8211; Adapter le contenu d&rsquo;une lettre aux individus<\/a><\/li><li class=\"listing-item\"><a class=\"title\" href=\"https:\/\/www.cours-info.ch\/wordpress\/index.php\/2017\/10\/30\/ex-w-publ-06-et-si-on-a-plus-que-des-noms-et-des-adresses\/\">Ex. Wo.PUBL.06 &#8211; Et si on a plus que des noms et des adresses ?<\/a><\/li><li class=\"listing-item\"><a class=\"title\" href=\"https:\/\/www.cours-info.ch\/wordpress\/index.php\/2017\/10\/30\/ex-w-publ-07-publipostage-sans-base\/\">Ex. Wo.PUBL.07 &#8211; Publipostage sans base<\/a><\/li><li class=\"listing-item\"><a class=\"title\" href=\"https:\/\/www.cours-info.ch\/wordpress\/index.php\/2017\/10\/30\/ex-wo-publ-08-publipostage-type-ica\/\">Ex. Wo.PUBL.08 &#8211; Publipostage type ICA<\/a><\/li><li class=\"listing-item\"><a class=\"title\" href=\"https:\/\/www.cours-info.ch\/wordpress\/index.php\/2017\/10\/15\/tuto-publipostage-les-principes-de-base\/\">Tuto &#8211; Publipostage 1, les principes de base<\/a><\/li><li class=\"listing-item\"><a class=\"title\" href=\"https:\/\/www.cours-info.ch\/wordpress\/index.php\/2017\/10\/15\/tuto-publipostage-comment-faire\/\">Tuto &#8211; Publipostage 2, bien commencer<\/a><\/li><li class=\"listing-item\"><a class=\"title\" href=\"https:\/\/www.cours-info.ch\/wordpress\/index.php\/2017\/10\/15\/tuto-publipostage-3-et-si-on-a-une-condition\/\">Tuto &#8211; Publipostage 3, les \u00e9tiquettes<\/a><\/li><li class=\"listing-item\"><a class=\"title\" href=\"https:\/\/www.cours-info.ch\/wordpress\/index.php\/2017\/10\/15\/tuto-publipostage-4-filtre-tri-et-si-alors-sinon\/\">Tuto &#8211; Publipostage 4, filtre, tri et \u00ab\u00a0si alors sinon\u00a0\u00bb<\/a><\/li><\/ul><\/p>\n<p><strong>Formulaires<\/strong><br \/>\n<ul class=\"display-posts-listing\"><li class=\"listing-item\"><a class=\"title\" href=\"https:\/\/www.cours-info.ch\/wordpress\/index.php\/2017\/11\/13\/ex-w-for-01-creer-un-formulaire\/\">Ex. Wo.FOR.01 \u2013 Cr\u00e9er un formulaire<\/a><\/li><li class=\"listing-item\"><a class=\"title\" href=\"https:\/\/www.cours-info.ch\/wordpress\/index.php\/2017\/11\/13\/ex-w-for-02-proteger-un-formulaire\/\">Ex. Wo.FOR.02 \u2013 Prot\u00e9ger un formulaire<\/a><\/li><li class=\"listing-item\"><a class=\"title\" href=\"https:\/\/www.cours-info.ch\/wordpress\/index.php\/2017\/11\/13\/ex-w-for-03-publiposter-un-formulaire\/\">Ex. Wo.FOR.03 \u2013 Publiposter un formulaire<\/a><\/li><li class=\"listing-item\"><a class=\"title\" href=\"https:\/\/www.cours-info.ch\/wordpress\/index.php\/2017\/11\/13\/tuto-introduction-aux-formulaires-word\/\">Tuto &#8211; formulaires 1 : introduction aux formulaires Word<\/a><\/li><li class=\"listing-item\"><a class=\"title\" href=\"https:\/\/www.cours-info.ch\/wordpress\/index.php\/2017\/11\/13\/tuto-inserer-des-objets-de-formulaires\/\">Tuto &#8211; formulaires 2 : ins\u00e9rer des objets de formulaires<\/a><\/li><li class=\"listing-item\"><a class=\"title\" href=\"https:\/\/www.cours-info.ch\/wordpress\/index.php\/2017\/11\/13\/tuto-les-options-des-objets-de-formulaires\/\">Tuto &#8211; formulaires 3 : les options des objets de formulaires<\/a><\/li><li class=\"listing-item\"><a class=\"title\" href=\"https:\/\/www.cours-info.ch\/wordpress\/index.php\/2017\/11\/13\/tuto-texte-daide-et-mise-en-forme-dun-formulaire\/\">Tuto &#8211; formulaires 4 : texte d&rsquo;aide et mise en forme d&rsquo;un formulaire<\/a><\/li><li class=\"listing-item\"><a class=\"title\" href=\"https:\/\/www.cours-info.ch\/wordpress\/index.php\/2017\/11\/13\/tuto-protection-de-formulaire-et-modele-de-document\/\">Tuto &#8211; formulaires 5 : protection de formulaire et mod\u00e8le de document<\/a><\/li><\/ul><\/p>\n<p><strong>PowerPoint<br \/>\n<\/strong><ul class=\"display-posts-listing\"><li class=\"listing-item\"><a class=\"title\" href=\"https:\/\/www.cours-info.ch\/wordpress\/index.php\/2016\/09\/01\/ex-p-01-le-printemps-1ere-presentation\/\">Ex. P.01 \u2013 Le printemps ! 1\u00e8re pr\u00e9sentation !<\/a><\/li><li class=\"listing-item\"><a class=\"title\" href=\"https:\/\/www.cours-info.ch\/wordpress\/index.php\/2016\/09\/01\/ex-p-02-images-speciales\/\">Ex. P.02 \u2013 Images sp\u00e9ciales<\/a><\/li><li class=\"listing-item\"><a class=\"title\" href=\"https:\/\/www.cours-info.ch\/wordpress\/index.php\/2016\/09\/01\/ex-p-03-schema\/\">Ex. P.03 \u2013 Sch\u00e9ma<\/a><\/li><li class=\"listing-item\"><a class=\"title\" href=\"https:\/\/www.cours-info.ch\/wordpress\/index.php\/2016\/09\/01\/ex-p-04-schema\/\">Ex. P.04 \u2013 Animations<\/a><\/li><li class=\"listing-item\"><a class=\"title\" href=\"https:\/\/www.cours-info.ch\/wordpress\/index.php\/2016\/09\/01\/ex-p-05-comme-une-envie-de-vacances\/\">Ex. P.05 \u2013 Comme une envie de vacances&#8230;<\/a><\/li><li class=\"listing-item\"><a class=\"title\" href=\"https:\/\/www.cours-info.ch\/wordpress\/index.php\/2016\/09\/01\/ex-p-07-jadooooore-les-couchers-de-soleil\/\">Ex. P.07 \u2013 J&rsquo;adooooore les couchers de soleil<\/a><\/li><li class=\"listing-item\"><a class=\"title\" href=\"https:\/\/www.cours-info.ch\/wordpress\/index.php\/2016\/09\/01\/ex-p-08-masquer-le-renard-flamboyant\/\">Ex. P.08 \u2013 Masquer le renard flamboyant<\/a><\/li><li class=\"listing-item\"><a class=\"title\" href=\"https:\/\/www.cours-info.ch\/wordpress\/index.php\/2016\/09\/01\/ex-p-09-votre-presentation\/\">Ex. P.09 \u2013 Votre pr\u00e9sentation<\/a><\/li><li class=\"listing-item\"><a class=\"title\" href=\"https:\/\/www.cours-info.ch\/wordpress\/index.php\/2016\/09\/01\/ex-p-10-ordre-des-animations\/\">Ex. P.10 \u2013 Ordre des animations<\/a><\/li><li class=\"listing-item\"><a class=\"title\" href=\"https:\/\/www.cours-info.ch\/wordpress\/index.php\/2016\/09\/01\/ex-p-11-etude-de-cas\/\">Ex. P.11 \u2013 Etude de cas<\/a><\/li><li class=\"listing-item\"><a class=\"title\" href=\"https:\/\/www.cours-info.ch\/wordpress\/index.php\/2016\/09\/01\/ex-p-12-le-masque-rien-que-le-masque-plus-que-le-masque\/\">Ex. P.12 \u2013 Le masque, rien que le masque, plus que le masque<\/a><\/li><li class=\"listing-item\"><a class=\"title\" href=\"https:\/\/www.cours-info.ch\/wordpress\/index.php\/2016\/09\/01\/ex-p-13-minutage-et-boucle\/\">Ex. P.13 \u2013 Minutage et boucle<\/a><\/li><li class=\"listing-item\"><a class=\"title\" href=\"https:\/\/www.cours-info.ch\/wordpress\/index.php\/2016\/09\/01\/ex-p-14-finalement-un-cas\/\">Ex. P.14 \u2013 Finalement, un cas<\/a><\/li><li class=\"listing-item\"><a class=\"title\" href=\"https:\/\/www.cours-info.ch\/wordpress\/index.php\/2016\/09\/01\/ex-p-15-un-masque-peut-en-cacher-un-autre\/\">Ex. P.15 \u2013 Un masque peut en cacher un autre<\/a><\/li><li class=\"listing-item\"><a class=\"title\" href=\"https:\/\/www.cours-info.ch\/wordpress\/index.php\/2016\/09\/01\/ex-p-16-identite-visuelle\/\">Ex. P.16 \u2013 Identit\u00e9 visuelle<\/a><\/li><li class=\"listing-item\"><a class=\"title\" href=\"https:\/\/www.cours-info.ch\/wordpress\/index.php\/2016\/09\/01\/ex-p-17-identite-visuelle-2\/\">Ex. P.17 \u2013 Identit\u00e9 visuelle 2<\/a><\/li><li class=\"listing-item\"><a class=\"title\" href=\"https:\/\/www.cours-info.ch\/wordpress\/index.php\/2016\/09\/01\/tuto-ajouter-et-gerer-des-animations\/\">Tuto &#8211; Ajouter et g\u00e9rer des animations<\/a><\/li><li class=\"listing-item\"><a class=\"title\" href=\"https:\/\/www.cours-info.ch\/wordpress\/index.php\/2016\/09\/01\/tuto-creer-ou-modifier-un-jeu-de-couleurs\/\">Tuto &#8211; Cr\u00e9er ou modifier un jeu de couleurs<\/a><\/li><li class=\"listing-item\"><a class=\"title\" href=\"https:\/\/www.cours-info.ch\/wordpress\/index.php\/2016\/09\/01\/tuto-inserer-une-diapositive\/\">Tuto &#8211; Ins\u00e9rer une diapositive<\/a><\/li><li class=\"listing-item\"><a class=\"title\" href=\"https:\/\/www.cours-info.ch\/wordpress\/index.php\/2016\/09\/01\/tuto-inserer-une-image\/\">Tuto &#8211; Ins\u00e9rer une image<\/a><\/li><li class=\"listing-item\"><a class=\"title\" href=\"https:\/\/www.cours-info.ch\/wordpress\/index.php\/2016\/09\/01\/tuto-pour-faire-tourner-une-presentation-en-boucle\/\">Tuto &#8211; Pour faire tourner une pr\u00e9sentation en boucle<\/a><\/li><li class=\"listing-item\"><a class=\"title\" href=\"https:\/\/www.cours-info.ch\/wordpress\/index.php\/2016\/09\/01\/tuto-redimensionner-une-image\/\">Tuto &#8211; Redimensionner une image<\/a><\/li><li class=\"listing-item\"><a class=\"title\" href=\"https:\/\/www.cours-info.ch\/wordpress\/index.php\/2016\/09\/01\/tuto-selectionner-un-theme\/\">Tuto &#8211; S\u00e9lectionner un th\u00e8me<\/a><\/li><\/ul><\/p>\n","protected":false},"excerpt":{"rendered":"<p>Cette <a href=\"https:\/\/www.cours-info.ch\/wordpress\/index.php\/2016\/09\/01\/tuto-selectionner-un-theme\/\" class=\"read-more\">Cliquez pour voir la suite<\/a><\/p>\n","protected":false},"author":2,"featured_media":0,"parent":0,"menu_order":0,"comment_status":"closed","ping_status":"closed","template":"","meta":{"footnotes":""},"class_list":["post-764","page","type-page","status-publish","hentry"],"_links":{"self":[{"href":"https:\/\/www.cours-info.ch\/wordpress\/index.php\/wp-json\/wp\/v2\/pages\/764","targetHints":{"allow":["GET"]}}],"collection":[{"href":"https:\/\/www.cours-info.ch\/wordpress\/index.php\/wp-json\/wp\/v2\/pages"}],"about":[{"href":"https:\/\/www.cours-info.ch\/wordpress\/index.php\/wp-json\/wp\/v2\/types\/page"}],"author":[{"embeddable":true,"href":"https:\/\/www.cours-info.ch\/wordpress\/index.php\/wp-json\/wp\/v2\/users\/2"}],"replies":[{"embeddable":true,"href":"https:\/\/www.cours-info.ch\/wordpress\/index.php\/wp-json\/wp\/v2\/comments?post=764"}],"version-history":[{"count":15,"href":"https:\/\/www.cours-info.ch\/wordpress\/index.php\/wp-json\/wp\/v2\/pages\/764\/revisions"}],"predecessor-version":[{"id":1456,"href":"https:\/\/www.cours-info.ch\/wordpress\/index.php\/wp-json\/wp\/v2\/pages\/764\/revisions\/1456"}],"wp:attachment":[{"href":"https:\/\/www.cours-info.ch\/wordpress\/index.php\/wp-json\/wp\/v2\/media?parent=764"}],"curies":[{"name":"wp","href":"https:\/\/api.w.org\/{rel}","templated":true}]}}